{"id":319,"date":"2026-01-05T09:51:46","date_gmt":"2026-01-05T08:51:46","guid":{"rendered":"https:\/\/chaufbois.eu\/?page_id=319"},"modified":"2026-01-05T10:07:26","modified_gmt":"2026-01-05T09:07:26","slug":"chaudiere-a-granules-etna-avec-creuset-autonettoyant-et-compacteur-de-cendres","status":"publish","type":"page","link":"https:\/\/chaufbois.eu\/index.php\/chaudiere-a-granules-etna-avec-creuset-autonettoyant-et-compacteur-de-cendres\/","title":{"rendered":"Chaudi\u00e8re \u00e0 Granul\u00e9s ETNA avec creuset autonettoyant et compacteur de cendres"},"content":{"rendered":"\t\t<div data-elementor-type=\"wp-page\" data-elementor-id=\"319\" class=\"elementor elementor-319\" data-elementor-post-type=\"page\">\n\t\t\t\t<div class=\"elementor-element elementor-element-eb4211b e-flex e-con-boxed e-con e-parent\" data-id=\"eb4211b\" data-element_type=\"container\">\n\t\t\t\t\t<div class=\"e-con-inner\">\n\t\t\t\t<div class=\"elementor-element elementor-element-a87e141 elementor-widget elementor-widget-button\" data-id=\"a87e141\" data-element_type=\"widget\" data-widget_type=\"button.default\">\n\t\t\t\t<div class=\"elementor-widget-container\">\n\t\t\t\t\t\t\t\t\t<div class=\"elementor-button-wrapper\">\n\t\t\t\t\t<a class=\"elementor-button elementor-button-link elementor-size-sm\" href=\"https:\/\/chaufbois.eu\/index.php\/produits-etna\/\">\n\t\t\t\t\t\t<span class=\"elementor-button-content-wrapper\">\n\t\t\t\t\t\t<span class=\"elementor-button-icon\">\n\t\t\t\t<svg aria-hidden=\"true\" class=\"e-font-icon-svg e-fas-arrow-left\" viewBox=\"0 0 448 512\" xmlns=\"http:\/\/www.w3.org\/2000\/svg\"><path d=\"M257.5 445.1l-22.2 22.2c-9.4 9.4-24.6 9.4-33.9 0L7 273c-9.4-9.4-9.4-24.6 0-33.9L201.4 44.7c9.4-9.4 24.6-9.4 33.9 0l22.2 22.2c9.5 9.5 9.3 25-.4 34.3L136.6 216H424c13.3 0 24 10.7 24 24v32c0 13.3-10.7 24-24 24H136.6l120.5 114.8c9.8 9.3 10 24.8.4 34.3z\"><\/path><\/svg>\t\t\t<\/span>\n\t\t\t\t\t\t\t\t\t<span class=\"elementor-button-text\">Retour aux produits ETNA<\/span>\n\t\t\t\t\t<\/span>\n\t\t\t\t\t<\/a>\n\t\t\t\t<\/div>\n\t\t\t\t\t\t\t\t<\/div>\n\t\t\t\t<\/div>\n\t\t\t\t\t<\/div>\n\t\t\t\t<\/div>\n\t\t<div class=\"elementor-element elementor-element-2a668fe e-flex e-con-boxed e-con e-parent\" data-id=\"2a668fe\" data-element_type=\"container\">\n\t\t\t\t\t<div class=\"e-con-inner\">\n\t\t<div class=\"elementor-element elementor-element-a9e7f05 e-con-full e-flex e-con e-child\" data-id=\"a9e7f05\" data-element_type=\"container\" data-settings=\"{&quot;sticky&quot;:&quot;top&quot;,&quot;sticky_on&quot;:[&quot;desktop&quot;,&quot;tablet&quot;],&quot;sticky_offset&quot;:50,&quot;sticky_parent&quot;:&quot;yes&quot;,&quot;sticky_effects_offset&quot;:0,&quot;sticky_anchor_link_offset&quot;:0}\">\n\t\t\t\t<div class=\"elementor-element elementor-element-f0fe7ee elementor-widget elementor-widget-heading\" data-id=\"f0fe7ee\" data-element_type=\"widget\" data-widget_type=\"heading.default\">\n\t\t\t\t<div class=\"elementor-widget-container\">\n\t\t\t\t\t<h2 class=\"elementor-heading-title elementor-size-default\">Chaudi\u00e8re \u00e0 Granul\u00e9s ETNA avec creuset autonettoyant et compacteur de cendres<\/h2>\t\t\t\t<\/div>\n\t\t\t\t<\/div>\n\t\t\t\t<div class=\"elementor-element elementor-element-3bddf6c elementor-widget elementor-widget-gallery\" data-id=\"3bddf6c\" data-element_type=\"widget\" data-settings=\"{&quot;columns&quot;:2,&quot;gap&quot;:{&quot;unit&quot;:&quot;px&quot;,&quot;size&quot;:0,&quot;sizes&quot;:[]},&quot;aspect_ratio&quot;:&quot;1:1&quot;,&quot;lazyload&quot;:&quot;yes&quot;,&quot;gallery_layout&quot;:&quot;grid&quot;,&quot;columns_tablet&quot;:2,&quot;columns_mobile&quot;:1,&quot;gap_tablet&quot;:{&quot;unit&quot;:&quot;px&quot;,&quot;size&quot;:10,&quot;sizes&quot;:[]},&quot;gap_mobile&quot;:{&quot;unit&quot;:&quot;px&quot;,&quot;size&quot;:10,&quot;sizes&quot;:[]},&quot;link_to&quot;:&quot;file&quot;,&quot;content_hover_animation&quot;:&quot;fade-in&quot;}\" data-widget_type=\"gallery.default\">\n\t\t\t\t<div class=\"elementor-widget-container\">\n\t\t\t\t\t\t\t<div class=\"elementor-gallery__container\">\n\t\t\t\t\t\t\t<a class=\"e-gallery-item elementor-gallery-item elementor-animated-content\" href=\"https:\/\/chaufbois.eu\/wp-content\/uploads\/2025\/12\/chaudiere-a-granules-fantea-avec-creuset-autonettoyant-et-compacteur-de-cendres-2-e1767021586530.webp\" data-elementor-open-lightbox=\"yes\" data-elementor-lightbox-slideshow=\"3bddf6c\" data-elementor-lightbox-title=\"chaudiere-a-granules-fantea-avec-creuset-autonettoyant-et-compacteur-de-cendres-2\" data-e-action-hash=\"#elementor-action%3Aaction%3Dlightbox%26settings%3DeyJpZCI6MjM1LCJ1cmwiOiJodHRwczpcL1wvY2hhdWZib2lzLmV1XC93cC1jb250ZW50XC91cGxvYWRzXC8yMDI1XC8xMlwvY2hhdWRpZXJlLWEtZ3JhbnVsZXMtZmFudGVhLWF2ZWMtY3JldXNldC1hdXRvbmV0dG95YW50LWV0LWNvbXBhY3RldXItZGUtY2VuZHJlcy0yLWUxNzY3MDIxNTg2NTMwLndlYnAiLCJzbGlkZXNob3ciOiIzYmRkZjZjIn0%3D\">\n\t\t\t\t\t<div class=\"e-gallery-image elementor-gallery-item__image\" data-thumbnail=\"https:\/\/chaufbois.eu\/wp-content\/uploads\/2025\/12\/chaudiere-a-granules-fantea-avec-creuset-autonettoyant-et-compacteur-de-cendres-2-e1767021586530.webp\" data-width=\"550\" data-height=\"550\" aria-label=\"\" role=\"img\" ><\/div>\n\t\t\t\t\t\t\t\t\t\t\t\t\t\t<\/a>\n\t\t\t\t\t\t\t<a class=\"e-gallery-item elementor-gallery-item elementor-animated-content\" href=\"https:\/\/chaufbois.eu\/wp-content\/uploads\/2025\/12\/chaudiere-a-granules-fantea-avec-creuset-autonettoyant-et-compacteur-de-cendres-3-e1767021609688.webp\" data-elementor-open-lightbox=\"yes\" data-elementor-lightbox-slideshow=\"3bddf6c\" data-elementor-lightbox-title=\"chaudiere-a-granules-fantea-avec-creuset-autonettoyant-et-compacteur-de-cendres-3\" data-e-action-hash=\"#elementor-action%3Aaction%3Dlightbox%26settings%3DeyJpZCI6MjM0LCJ1cmwiOiJodHRwczpcL1wvY2hhdWZib2lzLmV1XC93cC1jb250ZW50XC91cGxvYWRzXC8yMDI1XC8xMlwvY2hhdWRpZXJlLWEtZ3JhbnVsZXMtZmFudGVhLWF2ZWMtY3JldXNldC1hdXRvbmV0dG95YW50LWV0LWNvbXBhY3RldXItZGUtY2VuZHJlcy0zLWUxNzY3MDIxNjA5Njg4LndlYnAiLCJzbGlkZXNob3ciOiIzYmRkZjZjIn0%3D\">\n\t\t\t\t\t<div class=\"e-gallery-image elementor-gallery-item__image\" data-thumbnail=\"https:\/\/chaufbois.eu\/wp-content\/uploads\/2025\/12\/chaudiere-a-granules-fantea-avec-creuset-autonettoyant-et-compacteur-de-cendres-3-e1767021609688.webp\" data-width=\"550\" data-height=\"550\" aria-label=\"\" role=\"img\" ><\/div>\n\t\t\t\t\t\t\t\t\t\t\t\t\t\t<\/a>\n\t\t\t\t\t\t\t<a class=\"e-gallery-item elementor-gallery-item elementor-animated-content\" href=\"https:\/\/chaufbois.eu\/wp-content\/uploads\/2025\/12\/chaudiere-a-granules-fantea-avec-creuset-autonettoyant-et-compacteur-de-cendres-1-e1767021632863.webp\" data-elementor-open-lightbox=\"yes\" data-elementor-lightbox-slideshow=\"3bddf6c\" data-elementor-lightbox-title=\"chaudiere-a-granules-fantea-avec-creuset-autonettoyant-et-compacteur-de-cendres-1\" data-e-action-hash=\"#elementor-action%3Aaction%3Dlightbox%26settings%3DeyJpZCI6MjM2LCJ1cmwiOiJodHRwczpcL1wvY2hhdWZib2lzLmV1XC93cC1jb250ZW50XC91cGxvYWRzXC8yMDI1XC8xMlwvY2hhdWRpZXJlLWEtZ3JhbnVsZXMtZmFudGVhLWF2ZWMtY3JldXNldC1hdXRvbmV0dG95YW50LWV0LWNvbXBhY3RldXItZGUtY2VuZHJlcy0xLWUxNzY3MDIxNjMyODYzLndlYnAiLCJzbGlkZXNob3ciOiIzYmRkZjZjIn0%3D\">\n\t\t\t\t\t<div class=\"e-gallery-image elementor-gallery-item__image\" data-thumbnail=\"https:\/\/chaufbois.eu\/wp-content\/uploads\/2025\/12\/chaudiere-a-granules-fantea-avec-creuset-autonettoyant-et-compacteur-de-cendres-1-e1767021632863.webp\" data-width=\"550\" data-height=\"550\" aria-label=\"\" role=\"img\" ><\/div>\n\t\t\t\t\t\t\t\t\t\t\t\t\t\t<\/a>\n\t\t\t\t\t<\/div>\n\t\t\t\t\t<\/div>\n\t\t\t\t<\/div>\n\t\t\t\t<\/div>\n\t\t<div class=\"elementor-element elementor-element-cd81680 e-con-full e-flex e-con e-child\" data-id=\"cd81680\" data-element_type=\"container\">\n\t\t<div class=\"elementor-element elementor-element-9aad6cd e-con-full e-flex e-con e-child\" data-id=\"9aad6cd\" data-element_type=\"container\">\n\t\t\t\t<div class=\"elementor-element elementor-element-f566174 elementor-widget elementor-widget-heading\" data-id=\"f566174\" data-element_type=\"widget\" data-widget_type=\"heading.default\">\n\t\t\t\t<div class=\"elementor-widget-container\">\n\t\t\t\t\t<h3 class=\"elementor-heading-title elementor-size-default\">Description<\/h3>\t\t\t\t<\/div>\n\t\t\t\t<\/div>\n\t\t\t\t<div class=\"elementor-element elementor-element-1e07aee elementor-widget elementor-widget-text-editor\" data-id=\"1e07aee\" data-element_type=\"widget\" data-widget_type=\"text-editor.default\">\n\t\t\t\t<div class=\"elementor-widget-container\">\n\t\t\t\t\t\t\t\t\t<p>Avec un rendement exceptionnel de plus de 90%, cette chaudi\u00e8re tout-en-un int\u00e8gre les \u00e9l\u00e9ments suivants : pompe, vase d&rsquo;expansion, soupape de s\u00e9curit\u00e9, purgeur.<\/p><p>La gamme ETNA Compact est celle qu&rsquo;il vous faut si vous souhaitez installer une chaudi\u00e8re \u00e0 granul\u00e9s dans un espace r\u00e9duit (soupente, d\u00e9barra, petit local technique, etc&#8230;). Toute la gamme dispose d&rsquo;un haut rendement et d&rsquo;une vaste modulation de fonctionnement.<\/p><p>Tous les mod\u00e8les de la gamme sont en fonte, preuve d&rsquo;une qualit\u00e9 \u00e9vidente.<br \/>Contr\u00f4lez instantan\u00e9ment la chaudi\u00e8re gr\u00e2ce \u00e0 son \u00e9cran LCD simple et intuitif.<\/p><p>Cette chaudi\u00e8re peut \u00eatre pilot\u00e9e \u00e0 distance gr\u00e2ce au\u00a0<a href=\"https:\/\/www.topchaleur.com\/10731-module-wifi-type-m.html\">Module Wifi ETNA Type M<\/a><\/p>\t\t\t\t\t\t\t\t<\/div>\n\t\t\t\t<\/div>\n\t\t\t\t<div class=\"elementor-element elementor-element-4368675 elementor-widget elementor-widget-image\" data-id=\"4368675\" data-element_type=\"widget\" data-widget_type=\"image.default\">\n\t\t\t\t<div class=\"elementor-widget-container\">\n\t\t\t\t\t\t\t\t\t\t\t\t\t\t\t\t<a href=\"https:\/\/chaufbois.eu\/wp-content\/uploads\/2025\/12\/Etna-chaudiere.jpg\" data-elementor-open-lightbox=\"yes\" data-elementor-lightbox-title=\"Etna chaudiere\" data-e-action-hash=\"#elementor-action%3Aaction%3Dlightbox%26settings%3DeyJpZCI6MjM4LCJ1cmwiOiJodHRwczpcL1wvY2hhdWZib2lzLmV1XC93cC1jb250ZW50XC91cGxvYWRzXC8yMDI1XC8xMlwvRXRuYS1jaGF1ZGllcmUuanBnIn0%3D\">\n\t\t\t\t\t\t\t<img fetchpriority=\"high\" decoding=\"async\" width=\"1200\" height=\"438\" src=\"https:\/\/chaufbois.eu\/wp-content\/uploads\/2025\/12\/Etna-chaudiere.jpg\" class=\"attachment-full size-full wp-image-238\" alt=\"\" srcset=\"https:\/\/chaufbois.eu\/wp-content\/uploads\/2025\/12\/Etna-chaudiere.jpg 1200w, https:\/\/chaufbois.eu\/wp-content\/uploads\/2025\/12\/Etna-chaudiere-300x110.jpg 300w, https:\/\/chaufbois.eu\/wp-content\/uploads\/2025\/12\/Etna-chaudiere-1024x374.jpg 1024w, https:\/\/chaufbois.eu\/wp-content\/uploads\/2025\/12\/Etna-chaudiere-768x280.jpg 768w, https:\/\/chaufbois.eu\/wp-content\/uploads\/2025\/12\/Etna-chaudiere-600x219.jpg 600w\" sizes=\"(max-width: 1200px) 100vw, 1200px\" \/>\t\t\t\t\t\t\t\t<\/a>\n\t\t\t\t\t\t\t\t\t\t\t\t\t\t\t<\/div>\n\t\t\t\t<\/div>\n\t\t\t\t<div class=\"elementor-element elementor-element-c56b673 elementor-widget elementor-widget-image-gallery\" data-id=\"c56b673\" data-element_type=\"widget\" data-widget_type=\"image-gallery.default\">\n\t\t\t\t<div class=\"elementor-widget-container\">\n\t\t\t\t\t\t\t<div class=\"elementor-image-gallery\">\n\t\t\t<div id='gallery-1' class='gallery galleryid-319 gallery-columns-2 gallery-size-full'><figure class='gallery-item'>\n\t\t\t<div class='gallery-icon landscape'>\n\t\t\t\t<a data-elementor-open-lightbox=\"yes\" data-elementor-lightbox-slideshow=\"c56b673\" data-elementor-lightbox-title=\"chaudi_re-compacteur-de-cendres\" data-e-action-hash=\"#elementor-action%3Aaction%3Dlightbox%26settings%3DeyJpZCI6Mjc2LCJ1cmwiOiJodHRwczpcL1wvY2hhdWZib2lzLmV1XC93cC1jb250ZW50XC91cGxvYWRzXC8yMDI2XC8wMVwvY2hhdWRpX3JlLWNvbXBhY3RldXItZGUtY2VuZHJlcy5qcGciLCJzbGlkZXNob3ciOiJjNTZiNjczIn0%3D\" href='https:\/\/chaufbois.eu\/wp-content\/uploads\/2026\/01\/chaudi_re-compacteur-de-cendres.jpg'><img decoding=\"async\" width=\"637\" height=\"357\" src=\"https:\/\/chaufbois.eu\/wp-content\/uploads\/2026\/01\/chaudi_re-compacteur-de-cendres.jpg\" class=\"attachment-full size-full\" alt=\"\" srcset=\"https:\/\/chaufbois.eu\/wp-content\/uploads\/2026\/01\/chaudi_re-compacteur-de-cendres.jpg 637w, https:\/\/chaufbois.eu\/wp-content\/uploads\/2026\/01\/chaudi_re-compacteur-de-cendres-300x168.jpg 300w, https:\/\/chaufbois.eu\/wp-content\/uploads\/2026\/01\/chaudi_re-compacteur-de-cendres-600x336.jpg 600w\" sizes=\"(max-width: 637px) 100vw, 637px\" \/><\/a>\n\t\t\t<\/div><\/figure><figure class='gallery-item'>\n\t\t\t<div class='gallery-icon landscape'>\n\t\t\t\t<a data-elementor-open-lightbox=\"yes\" data-elementor-lightbox-slideshow=\"c56b673\" data-elementor-lightbox-title=\"chaudi_re-creuset-auto-nettoyant\" data-e-action-hash=\"#elementor-action%3Aaction%3Dlightbox%26settings%3DeyJpZCI6Mjc1LCJ1cmwiOiJodHRwczpcL1wvY2hhdWZib2lzLmV1XC93cC1jb250ZW50XC91cGxvYWRzXC8yMDI2XC8wMVwvY2hhdWRpX3JlLWNyZXVzZXQtYXV0by1uZXR0b3lhbnQuanBnIiwic2xpZGVzaG93IjoiYzU2YjY3MyJ9\" href='https:\/\/chaufbois.eu\/wp-content\/uploads\/2026\/01\/chaudi_re-creuset-auto-nettoyant.jpg'><img decoding=\"async\" width=\"637\" height=\"357\" src=\"https:\/\/chaufbois.eu\/wp-content\/uploads\/2026\/01\/chaudi_re-creuset-auto-nettoyant.jpg\" class=\"attachment-full size-full\" alt=\"\" srcset=\"https:\/\/chaufbois.eu\/wp-content\/uploads\/2026\/01\/chaudi_re-creuset-auto-nettoyant.jpg 637w, https:\/\/chaufbois.eu\/wp-content\/uploads\/2026\/01\/chaudi_re-creuset-auto-nettoyant-300x168.jpg 300w, https:\/\/chaufbois.eu\/wp-content\/uploads\/2026\/01\/chaudi_re-creuset-auto-nettoyant-600x336.jpg 600w\" sizes=\"(max-width: 637px) 100vw, 637px\" \/><\/a>\n\t\t\t<\/div><\/figure>\n\t\t<\/div>\n\t\t<\/div>\n\t\t\t\t\t\t<\/div>\n\t\t\t\t<\/div>\n\t\t\t\t<\/div>\n\t\t<div class=\"elementor-element elementor-element-f33e10e e-con-full e-flex e-con e-child\" data-id=\"f33e10e\" data-element_type=\"container\">\n\t\t\t\t<div class=\"elementor-element elementor-element-10a78e4 elementor-widget elementor-widget-heading\" data-id=\"10a78e4\" data-element_type=\"widget\" data-widget_type=\"heading.default\">\n\t\t\t\t<div class=\"elementor-widget-container\">\n\t\t\t\t\t<h3 class=\"elementor-heading-title elementor-size-default\">Composants<\/h3>\t\t\t\t<\/div>\n\t\t\t\t<\/div>\n\t\t\t\t<div class=\"elementor-element elementor-element-c57bf44 elementor-widget elementor-widget-text-editor\" data-id=\"c57bf44\" data-element_type=\"widget\" data-widget_type=\"text-editor.default\">\n\t\t\t\t<div class=\"elementor-widget-container\">\n\t\t\t\t\t\t\t\t\t<ul><li><strong>Un \u00e9cran LCD<\/strong><\/li><li><strong>un circulateur\u00a0<\/strong>(pompe) : assure l&rsquo;alimentation r\u00e9guli\u00e8re en liquide caloporteur de tous les \u00e9metteurs de chaleur<\/li><li><strong>un vase \u00e0 expansion\u00a0<\/strong>: assure une pression constante dans l\u2019installation et compense les variations de volume subies par la masse d\u2019eau<\/li><li><strong>un kit manom\u00e9trique\u00a0<\/strong>(comprenant la soupape de s\u00e9curit\u00e9, le purgeur et le manom\u00e8tre)<\/li><li><strong>un pressostat fum\u00e9es\u00a0<\/strong>: contr\u00f4le la pression dans les conduits de fum\u00e9es. Il bloque la vis sans fin si la sortie de fum\u00e9es est bouch\u00e9e et s\u2019il y a contre-pression importante (en cas de vent par exemple).<\/li><li><strong>un motor\u00e9ducteur\u00a0<\/strong>: s\u2019il s\u2019arr\u00eate, la chaudi\u00e8re continue de fonctionner jusqu\u2019\u00e0 ce que la flamme sorte par manque de carburant et jusqu\u2019\u00e0 ce qu\u2019il atteigne le niveau minimum de refroidissement<\/li><li><strong>une sonde temp\u00e9rature fum\u00e9es\u00a0<\/strong>: rel\u00e8ve la temp\u00e9rature des fum\u00e9es et fait partir ou arr\u00eate la chaudi\u00e8re a temp\u00e9rature des fum\u00e9es descend au-dessous de la valeur programm\u00e9e<\/li><li><strong>une s\u00e9curit\u00e9 \u00e9lectrique\u00a0<\/strong>: protection contre les coupures d\u2019\u00e9lectricit\u00e9 brusques (maintient le fonctionnement de la chaudi\u00e8re)<\/li><li><strong>un thermostat de s\u00e9curit\u00e9 \u00e0 r\u00e9armement manuel pour la temp\u00e9rature de l\u2019eau\u00a0<\/strong>: si la temp\u00e9rature de l\u2019eau d\u00e9passe le seuil de s\u00e9curit\u00e9 de 100\u00b0C, l\u2019appareil se bloquera et emp\u00eachera son fonctionnement jusqu\u2019\u00e0 r\u00e9activation manuelle du thermostat<\/li><li><strong>une sonde temp\u00e9rature eau<\/strong>: rel\u00e8ve la temp\u00e9rature de l\u2019eau. Si l\u2019eau se rapproche des 100\u00b0C (seuil de s\u00e9curit\u00e9), la sonde arr\u00eatera l\u2019alimentation des granul\u00e9s<\/li><li><strong>une valve de ventilation automatique\u00a0<\/strong>: \u00e9limine l\u2019air pr\u00e9sente \u00e0 l\u2019int\u00e9rieur de la chaudi\u00e8re et du syst\u00e8me de chauffage<\/li><li><strong>une valve de s\u00e9curit\u00e9\u00a0<\/strong>: emp\u00eache la surpression du syst\u00e8me hydraulique. Si elle est &gt;2,5 bar, il drainera l\u2019eau du circuit<\/li><\/ul>\t\t\t\t\t\t\t\t<\/div>\n\t\t\t\t<\/div>\n\t\t\t\t<\/div>\n\t\t<div class=\"elementor-element elementor-element-c1e2a02 e-con-full e-flex e-con e-child\" data-id=\"c1e2a02\" data-element_type=\"container\">\n\t\t\t\t<div class=\"elementor-element elementor-element-cd322f9 elementor-widget elementor-widget-heading\" data-id=\"cd322f9\" data-element_type=\"widget\" data-widget_type=\"heading.default\">\n\t\t\t\t<div class=\"elementor-widget-container\">\n\t\t\t\t\t<h3 class=\"elementor-heading-title elementor-size-default\">Fonctions int\u00e9gr\u00e9es<\/h3>\t\t\t\t<\/div>\n\t\t\t\t<\/div>\n\t\t\t\t<div class=\"elementor-element elementor-element-bf123d6 elementor-widget elementor-widget-text-editor\" data-id=\"bf123d6\" data-element_type=\"widget\" data-widget_type=\"text-editor.default\">\n\t\t\t\t<div class=\"elementor-widget-container\">\n\t\t\t\t\t\t\t\t\t<ul><li><strong>fonction antigel\u00a0<\/strong>: lorsque la sonde temp\u00e9rature eau rel\u00e8ve une temp\u00e9rature eau &lt;5\u00b0C, la pompe de circulation s\u2019active automatiquement pour emp\u00eacher tous ph\u00e9nom\u00e8nes de cong\u00e9lation<\/li><li><strong>fonction anti-blocage\u00a0<\/strong>: en cas de non utilisation prolong\u00e9e de la pompe, celle-ci s\u2019active \u00e0 intervalles r\u00e9guliers durant 10 secondes pour \u00e9viter tous ph\u00e9nom\u00e8nes de blocage<\/li><li><strong>Fonction chronothermostat\u00a0<\/strong>: permet de programmer l\u2019allumage et l\u2019extinction de la chaudi\u00e8re de fa\u00e7on automatique et hebdomadaire.<\/li><\/ul>\t\t\t\t\t\t\t\t<\/div>\n\t\t\t\t<\/div>\n\t\t\t\t<div class=\"elementor-element elementor-element-a74a53a elementor-widget elementor-widget-image\" data-id=\"a74a53a\" data-element_type=\"widget\" data-widget_type=\"image.default\">\n\t\t\t\t<div class=\"elementor-widget-container\">\n\t\t\t\t\t\t\t\t\t\t\t\t\t\t\t<img loading=\"lazy\" decoding=\"async\" width=\"1296\" height=\"376\" src=\"https:\/\/chaufbois.eu\/wp-content\/uploads\/2025\/12\/logos-certification-etna.png\" class=\"attachment-full size-full wp-image-239\" alt=\"\" srcset=\"https:\/\/chaufbois.eu\/wp-content\/uploads\/2025\/12\/logos-certification-etna.png 1296w, https:\/\/chaufbois.eu\/wp-content\/uploads\/2025\/12\/logos-certification-etna-300x87.png 300w, https:\/\/chaufbois.eu\/wp-content\/uploads\/2025\/12\/logos-certification-etna-1024x297.png 1024w, https:\/\/chaufbois.eu\/wp-content\/uploads\/2025\/12\/logos-certification-etna-768x223.png 768w, https:\/\/chaufbois.eu\/wp-content\/uploads\/2025\/12\/logos-certification-etna-600x174.png 600w\" sizes=\"(max-width: 1296px) 100vw, 1296px\" \/>\t\t\t\t\t\t\t\t\t\t\t\t\t\t\t<\/div>\n\t\t\t\t<\/div>\n\t\t\t\t<\/div>\n\t\t<div class=\"elementor-element elementor-element-23d9567 e-con-full e-flex e-con e-child\" data-id=\"23d9567\" data-element_type=\"container\">\n\t\t\t\t<div class=\"elementor-element elementor-element-d2f186a elementor-widget elementor-widget-heading\" data-id=\"d2f186a\" data-element_type=\"widget\" data-widget_type=\"heading.default\">\n\t\t\t\t<div class=\"elementor-widget-container\">\n\t\t\t\t\t<h3 class=\"elementor-heading-title elementor-size-default\">Caract\u00e9ristiques<\/h3>\t\t\t\t<\/div>\n\t\t\t\t<\/div>\n\t\t\t\t<div class=\"elementor-element elementor-element-047eb3e elementor-widget elementor-widget-elementskit-tablepress\" data-id=\"047eb3e\" data-element_type=\"widget\" data-widget_type=\"elementskit-tablepress.default\">\n\t\t\t\t<div class=\"elementor-widget-container\">\n\t\t\t\t\t<div class=\"elemenetskit-tablepress ekit-wid-con\" id=\"ekit_tablepress_047eb3e\">\n<table id=\"tablepress-1\" class=\"tablepress tablepress-id-1\">\n<thead>\n<tr class=\"row-1\">\n\t<th class=\"column-1\">Mod\u00e8le<\/th><th class=\"column-2\">16kw<\/th><th class=\"column-3\">19kw<\/th><th class=\"column-4\">24kw<\/th><th class=\"column-5\">27kw<\/th><th class=\"column-6\">32kw<\/th>\n<\/tr>\n<\/thead>\n<tbody class=\"row-striping row-hover\">\n<tr class=\"row-2\">\n\t<td class=\"column-1\">Puissance globale maximum (kw)<\/td><td class=\"column-2\">16<\/td><td class=\"column-3\">19<\/td><td class=\"column-4\">24<\/td><td class=\"column-5\">27<\/td><td class=\"column-6\">32<\/td>\n<\/tr>\n<tr class=\"row-3\">\n\t<td class=\"column-1\">Puissance globale minimum (kw)<\/td><td class=\"column-2\">5<\/td><td class=\"column-3\">5,5<\/td><td class=\"column-4\">6<\/td><td class=\"column-5\">6,3<\/td><td class=\"column-6\">7<\/td>\n<\/tr>\n<tr class=\"row-4\">\n\t<td class=\"column-1\">Puissance nominale maximum (kw)<\/td><td class=\"column-2\">14<\/td><td class=\"column-3\">17,5<\/td><td class=\"column-4\">22<\/td><td class=\"column-5\">25<\/td><td class=\"column-6\">29<\/td>\n<\/tr>\n<tr class=\"row-5\">\n\t<td class=\"column-1\">Puissance nominale minimum (kw)<\/td><td class=\"column-2\">4,5<\/td><td class=\"column-3\">5,2<\/td><td class=\"column-4\">5<\/td><td class=\"column-5\">6<\/td><td class=\"column-6\">6<\/td>\n<\/tr>\n<tr class=\"row-6\">\n\t<td class=\"column-1\">Rendement (%)<\/td><td class=\"column-2\">91,1<\/td><td class=\"column-3\">92,13<\/td><td class=\"column-4\">92,1<\/td><td class=\"column-5\">92,2<\/td><td class=\"column-6\">92<\/td>\n<\/tr>\n<tr class=\"row-7\">\n\t<td class=\"column-1\">R\u00e9servoir granul\u00e9s (kg)<\/td><td class=\"column-2\">46<\/td><td class=\"column-3\">65<\/td><td class=\"column-4\">65<\/td><td class=\"column-5\">85<\/td><td class=\"column-6\">85<\/td>\n<\/tr>\n<tr class=\"row-8\">\n\t<td class=\"column-1\">Contenance en eau (l)<\/td><td class=\"column-2\">31<\/td><td class=\"column-3\">50<\/td><td class=\"column-4\">50<\/td><td class=\"column-5\">60<\/td><td class=\"column-6\">60<\/td>\n<\/tr>\n<tr class=\"row-9\">\n\t<td class=\"column-1\">Diam\u00e8tre de sortie de fum\u00e9e (mm)<\/td><td class=\"column-2\">80<\/td><td class=\"column-3\">80<\/td><td class=\"column-4\">80<\/td><td class=\"column-5\">100<\/td><td class=\"column-6\">100<\/td>\n<\/tr>\n<tr class=\"row-10\">\n\t<td class=\"column-1\">Volume de chauffe (m3)<\/td><td class=\"column-2\">400<\/td><td class=\"column-3\">470<\/td><td class=\"column-4\">540<\/td><td class=\"column-5\">630<\/td><td class=\"column-6\">750<\/td>\n<\/tr>\n<tr class=\"row-11\">\n\t<td class=\"column-1\">Surface de chauffe (m2)<\/td><td class=\"column-2\">160<\/td><td class=\"column-3\">190<\/td><td class=\"column-4\">240<\/td><td class=\"column-5\">270<\/td><td class=\"column-6\">320<\/td>\n<\/tr>\n<tr class=\"row-12\">\n\t<td class=\"column-1\">Hauteur (mm)<\/td><td class=\"column-2\">1081<\/td><td class=\"column-3\">1240<\/td><td class=\"column-4\">1240<\/td><td class=\"column-5\">1358<\/td><td class=\"column-6\">1358<\/td>\n<\/tr>\n<tr class=\"row-13\">\n\t<td class=\"column-1\">Largeur (mm)<\/td><td class=\"column-2\">764<\/td><td class=\"column-3\">832<\/td><td class=\"column-4\">832<\/td><td class=\"column-5\">870<\/td><td class=\"column-6\">870<\/td>\n<\/tr>\n<tr class=\"row-14\">\n\t<td class=\"column-1\">Profondeur (mm)<\/td><td class=\"column-2\">701<\/td><td class=\"column-3\">786<\/td><td class=\"column-4\">786<\/td><td class=\"column-5\">866<\/td><td class=\"column-6\">866<\/td>\n<\/tr>\n<tr class=\"row-15\">\n\t<td class=\"column-1\">Poids (kg)<\/td><td class=\"column-2\">165<\/td><td class=\"column-3\">210<\/td><td class=\"column-4\">210<\/td><td class=\"column-5\">230<\/td><td class=\"column-6\">230<\/td>\n<\/tr>\n<\/tbody>\n<\/table>\n<\/div>\t\t\t\t<\/div>\n\t\t\t\t<\/div>\n\t\t\t\t<\/div>\n\t\t\t\t<\/div>\n\t\t\t\t\t<\/div>\n\t\t\t\t<\/div>\n\t\t\t\t<\/div>\n\t\t","protected":false},"excerpt":{"rendered":"<p>Retour aux produits ETNA Chaudi\u00e8re \u00e0 Granul\u00e9s ETNA avec creuset autonettoyant et compacteur de cendres Description Avec un rendement exceptionnel de plus de 90%, cette chaudi\u00e8re tout-en-un int\u00e8gre les \u00e9l\u00e9ments suivants : pompe, vase d&rsquo;expansion, soupape de s\u00e9curit\u00e9, purgeur. La gamme ETNA Compact est celle qu&rsquo;il vous faut si vous souhaitez installer une chaudi\u00e8re \u00e0 [&hellip;]<\/p>\n","protected":false},"author":1,"featured_media":235,"parent":0,"menu_order":0,"comment_status":"closed","ping_status":"closed","template":"","meta":{"footnotes":""},"class_list":["post-319","page","type-page","status-publish","has-post-thumbnail","hentry"],"_links":{"self":[{"href":"https:\/\/chaufbois.eu\/index.php\/wp-json\/wp\/v2\/pages\/319","targetHints":{"allow":["GET"]}}],"collection":[{"href":"https:\/\/chaufbois.eu\/index.php\/wp-json\/wp\/v2\/pages"}],"about":[{"href":"https:\/\/chaufbois.eu\/index.php\/wp-json\/wp\/v2\/types\/page"}],"author":[{"embeddable":true,"href":"https:\/\/chaufbois.eu\/index.php\/wp-json\/wp\/v2\/users\/1"}],"replies":[{"embeddable":true,"href":"https:\/\/chaufbois.eu\/index.php\/wp-json\/wp\/v2\/comments?post=319"}],"version-history":[{"count":10,"href":"https:\/\/chaufbois.eu\/index.php\/wp-json\/wp\/v2\/pages\/319\/revisions"}],"predecessor-version":[{"id":348,"href":"https:\/\/chaufbois.eu\/index.php\/wp-json\/wp\/v2\/pages\/319\/revisions\/348"}],"wp:featuredmedia":[{"embeddable":true,"href":"https:\/\/chaufbois.eu\/index.php\/wp-json\/wp\/v2\/media\/235"}],"wp:attachment":[{"href":"https:\/\/chaufbois.eu\/index.php\/wp-json\/wp\/v2\/media?parent=319"}],"curies":[{"name":"wp","href":"https:\/\/api.w.org\/{rel}","templated":true}]}}