{"id":301,"date":"2026-01-05T09:47:59","date_gmt":"2026-01-05T08:47:59","guid":{"rendered":"https:\/\/chaufbois.eu\/?page_id=301"},"modified":"2026-01-05T10:07:54","modified_gmt":"2026-01-05T09:07:54","slug":"poele-vittoria-etanche-14-kw","status":"publish","type":"page","link":"https:\/\/chaufbois.eu\/index.php\/poele-vittoria-etanche-14-kw\/","title":{"rendered":"Po\u00eale VITTORIA ETANCHE 14\u00a0kw"},"content":{"rendered":"\t\t<div data-elementor-type=\"wp-page\" data-elementor-id=\"301\" class=\"elementor elementor-301\" data-elementor-post-type=\"page\">\n\t\t\t\t<div class=\"elementor-element elementor-element-9b3be0e e-flex e-con-boxed e-con e-parent\" data-id=\"9b3be0e\" data-element_type=\"container\">\n\t\t\t\t\t<div class=\"e-con-inner\">\n\t\t\t\t<div class=\"elementor-element elementor-element-c2d098d elementor-widget elementor-widget-button\" data-id=\"c2d098d\" data-element_type=\"widget\" data-widget_type=\"button.default\">\n\t\t\t\t<div class=\"elementor-widget-container\">\n\t\t\t\t\t\t\t\t\t<div class=\"elementor-button-wrapper\">\n\t\t\t\t\t<a class=\"elementor-button elementor-button-link elementor-size-sm\" href=\"https:\/\/chaufbois.eu\/index.php\/produits-etna\/\">\n\t\t\t\t\t\t<span class=\"elementor-button-content-wrapper\">\n\t\t\t\t\t\t<span class=\"elementor-button-icon\">\n\t\t\t\t<svg aria-hidden=\"true\" class=\"e-font-icon-svg e-fas-arrow-left\" viewBox=\"0 0 448 512\" xmlns=\"http:\/\/www.w3.org\/2000\/svg\"><path d=\"M257.5 445.1l-22.2 22.2c-9.4 9.4-24.6 9.4-33.9 0L7 273c-9.4-9.4-9.4-24.6 0-33.9L201.4 44.7c9.4-9.4 24.6-9.4 33.9 0l22.2 22.2c9.5 9.5 9.3 25-.4 34.3L136.6 216H424c13.3 0 24 10.7 24 24v32c0 13.3-10.7 24-24 24H136.6l120.5 114.8c9.8 9.3 10 24.8.4 34.3z\"><\/path><\/svg>\t\t\t<\/span>\n\t\t\t\t\t\t\t\t\t<span class=\"elementor-button-text\">Retour aux produits ETNA<\/span>\n\t\t\t\t\t<\/span>\n\t\t\t\t\t<\/a>\n\t\t\t\t<\/div>\n\t\t\t\t\t\t\t\t<\/div>\n\t\t\t\t<\/div>\n\t\t\t\t\t<\/div>\n\t\t\t\t<\/div>\n\t\t<div class=\"elementor-element elementor-element-5447e0f e-flex e-con-boxed e-con e-parent\" data-id=\"5447e0f\" data-element_type=\"container\">\n\t\t\t\t\t<div class=\"e-con-inner\">\n\t\t<div class=\"elementor-element elementor-element-e63867c e-con-full e-flex e-con e-child\" data-id=\"e63867c\" data-element_type=\"container\" data-settings=\"{&quot;sticky&quot;:&quot;top&quot;,&quot;sticky_on&quot;:[&quot;desktop&quot;,&quot;tablet&quot;],&quot;sticky_offset&quot;:50,&quot;sticky_parent&quot;:&quot;yes&quot;,&quot;sticky_effects_offset&quot;:0,&quot;sticky_anchor_link_offset&quot;:0}\">\n\t\t\t\t<div class=\"elementor-element elementor-element-1531454 elementor-widget elementor-widget-heading\" data-id=\"1531454\" data-element_type=\"widget\" data-widget_type=\"heading.default\">\n\t\t\t\t<div class=\"elementor-widget-container\">\n\t\t\t\t\t<h2 class=\"elementor-heading-title elementor-size-default\">Po\u00eale VITTORIA ETANCHE 14&nbsp;kw<\/h2>\t\t\t\t<\/div>\n\t\t\t\t<\/div>\n\t\t\t\t<div class=\"elementor-element elementor-element-0f2f49f elementor-widget elementor-widget-gallery\" data-id=\"0f2f49f\" data-element_type=\"widget\" data-settings=\"{&quot;columns&quot;:3,&quot;gap&quot;:{&quot;unit&quot;:&quot;px&quot;,&quot;size&quot;:0,&quot;sizes&quot;:[]},&quot;aspect_ratio&quot;:&quot;1:1&quot;,&quot;lazyload&quot;:&quot;yes&quot;,&quot;gallery_layout&quot;:&quot;grid&quot;,&quot;columns_tablet&quot;:2,&quot;columns_mobile&quot;:1,&quot;gap_tablet&quot;:{&quot;unit&quot;:&quot;px&quot;,&quot;size&quot;:10,&quot;sizes&quot;:[]},&quot;gap_mobile&quot;:{&quot;unit&quot;:&quot;px&quot;,&quot;size&quot;:10,&quot;sizes&quot;:[]},&quot;link_to&quot;:&quot;file&quot;,&quot;content_hover_animation&quot;:&quot;fade-in&quot;}\" data-widget_type=\"gallery.default\">\n\t\t\t\t<div class=\"elementor-widget-container\">\n\t\t\t\t\t\t\t<div class=\"elementor-gallery__container\">\n\t\t\t\t\t\t\t<a class=\"e-gallery-item elementor-gallery-item elementor-animated-content\" href=\"https:\/\/chaufbois.eu\/wp-content\/uploads\/2025\/12\/poele-a-granules-etanche-vittoriaplus-blanc-ambiance-etna.jpg\" data-elementor-open-lightbox=\"yes\" data-elementor-lightbox-slideshow=\"0f2f49f\" data-elementor-lightbox-title=\"poele-a-granules-etanche-vittoriaplus-blanc-ambiance-etna\" data-e-action-hash=\"#elementor-action%3Aaction%3Dlightbox%26settings%3DeyJpZCI6MjUzLCJ1cmwiOiJodHRwczpcL1wvY2hhdWZib2lzLmV1XC93cC1jb250ZW50XC91cGxvYWRzXC8yMDI1XC8xMlwvcG9lbGUtYS1ncmFudWxlcy1ldGFuY2hlLXZpdHRvcmlhcGx1cy1ibGFuYy1hbWJpYW5jZS1ldG5hLmpwZyIsInNsaWRlc2hvdyI6IjBmMmY0OWYifQ%3D%3D\">\n\t\t\t\t\t<div class=\"e-gallery-image elementor-gallery-item__image\" data-thumbnail=\"https:\/\/chaufbois.eu\/wp-content\/uploads\/2025\/12\/poele-a-granules-etanche-vittoriaplus-blanc-ambiance-etna.jpg\" data-width=\"650\" data-height=\"650\" aria-label=\"\" role=\"img\" ><\/div>\n\t\t\t\t\t\t\t\t\t\t\t\t\t\t<\/a>\n\t\t\t\t\t\t\t<a class=\"e-gallery-item elementor-gallery-item elementor-animated-content\" href=\"https:\/\/chaufbois.eu\/wp-content\/uploads\/2025\/12\/poele-a-granules-etanche-vittoriaplus-rouge-etna.png\" data-elementor-open-lightbox=\"yes\" data-elementor-lightbox-slideshow=\"0f2f49f\" data-elementor-lightbox-title=\"poele-a-granules-etanche-vittoriaplus-rouge-etna\" data-e-action-hash=\"#elementor-action%3Aaction%3Dlightbox%26settings%3DeyJpZCI6MjU0LCJ1cmwiOiJodHRwczpcL1wvY2hhdWZib2lzLmV1XC93cC1jb250ZW50XC91cGxvYWRzXC8yMDI1XC8xMlwvcG9lbGUtYS1ncmFudWxlcy1ldGFuY2hlLXZpdHRvcmlhcGx1cy1yb3VnZS1ldG5hLnBuZyIsInNsaWRlc2hvdyI6IjBmMmY0OWYifQ%3D%3D\">\n\t\t\t\t\t<div class=\"e-gallery-image elementor-gallery-item__image\" data-thumbnail=\"https:\/\/chaufbois.eu\/wp-content\/uploads\/2025\/12\/poele-a-granules-etanche-vittoriaplus-rouge-etna.png\" data-width=\"650\" data-height=\"650\" aria-label=\"\" role=\"img\" ><\/div>\n\t\t\t\t\t\t\t\t\t\t\t\t\t\t<\/a>\n\t\t\t\t\t\t\t<a class=\"e-gallery-item elementor-gallery-item elementor-animated-content\" href=\"https:\/\/chaufbois.eu\/wp-content\/uploads\/2025\/12\/poele-a-granules-etanche-vittoriaplus-blanc-etna.png\" data-elementor-open-lightbox=\"yes\" data-elementor-lightbox-slideshow=\"0f2f49f\" data-elementor-lightbox-title=\"poele-a-granules-etanche-vittoriaplus-blanc-etna\" data-e-action-hash=\"#elementor-action%3Aaction%3Dlightbox%26settings%3DeyJpZCI6MjU1LCJ1cmwiOiJodHRwczpcL1wvY2hhdWZib2lzLmV1XC93cC1jb250ZW50XC91cGxvYWRzXC8yMDI1XC8xMlwvcG9lbGUtYS1ncmFudWxlcy1ldGFuY2hlLXZpdHRvcmlhcGx1cy1ibGFuYy1ldG5hLnBuZyIsInNsaWRlc2hvdyI6IjBmMmY0OWYifQ%3D%3D\">\n\t\t\t\t\t<div class=\"e-gallery-image elementor-gallery-item__image\" data-thumbnail=\"https:\/\/chaufbois.eu\/wp-content\/uploads\/2025\/12\/poele-a-granules-etanche-vittoriaplus-blanc-etna.png\" data-width=\"650\" data-height=\"650\" aria-label=\"\" role=\"img\" ><\/div>\n\t\t\t\t\t\t\t\t\t\t\t\t\t\t<\/a>\n\t\t\t\t\t\t\t<a class=\"e-gallery-item elementor-gallery-item elementor-animated-content\" href=\"https:\/\/chaufbois.eu\/wp-content\/uploads\/2025\/12\/poele-a-granules-etanche-vittoriaplus-noir-etna.png\" data-elementor-open-lightbox=\"yes\" data-elementor-lightbox-slideshow=\"0f2f49f\" data-elementor-lightbox-title=\"poele-a-granules-etanche-vittoriaplus-noir-etna\" data-e-action-hash=\"#elementor-action%3Aaction%3Dlightbox%26settings%3DeyJpZCI6MjU2LCJ1cmwiOiJodHRwczpcL1wvY2hhdWZib2lzLmV1XC93cC1jb250ZW50XC91cGxvYWRzXC8yMDI1XC8xMlwvcG9lbGUtYS1ncmFudWxlcy1ldGFuY2hlLXZpdHRvcmlhcGx1cy1ub2lyLWV0bmEucG5nIiwic2xpZGVzaG93IjoiMGYyZjQ5ZiJ9\">\n\t\t\t\t\t<div class=\"e-gallery-image elementor-gallery-item__image\" data-thumbnail=\"https:\/\/chaufbois.eu\/wp-content\/uploads\/2025\/12\/poele-a-granules-etanche-vittoriaplus-noir-etna.png\" data-width=\"650\" data-height=\"650\" aria-label=\"\" role=\"img\" ><\/div>\n\t\t\t\t\t\t\t\t\t\t\t\t\t\t<\/a>\n\t\t\t\t\t<\/div>\n\t\t\t\t\t<\/div>\n\t\t\t\t<\/div>\n\t\t\t\t<\/div>\n\t\t<div class=\"elementor-element elementor-element-da0f4f8 e-con-full e-flex e-con e-child\" data-id=\"da0f4f8\" data-element_type=\"container\">\n\t\t<div class=\"elementor-element elementor-element-fb132e5 e-con-full e-flex e-con e-child\" data-id=\"fb132e5\" data-element_type=\"container\">\n\t\t\t\t<div class=\"elementor-element elementor-element-b9c8033 elementor-widget elementor-widget-heading\" data-id=\"b9c8033\" data-element_type=\"widget\" data-widget_type=\"heading.default\">\n\t\t\t\t<div class=\"elementor-widget-container\">\n\t\t\t\t\t<h3 class=\"elementor-heading-title elementor-size-default\">Description<\/h3>\t\t\t\t<\/div>\n\t\t\t\t<\/div>\n\t\t\t\t<div class=\"elementor-element elementor-element-ce44f71 elementor-widget elementor-widget-text-editor\" data-id=\"ce44f71\" data-element_type=\"widget\" data-widget_type=\"text-editor.default\">\n\t\t\t\t<div class=\"elementor-widget-container\">\n\t\t\t\t\t\t\t\t\t<p>Le po\u00eale \u00e0 pellets Vittoria Plus 14kW vous procure chaleur et douceur. Moderne et \u00e9pur\u00e9 avec son rev\u00eatement mat, ce po\u00eale n\u2019est que le reflet de l\u2019alliance parfaite entre confort et esth\u00e9tisme induit par la fabrication Italienne. Maintenez sans effort une ambiance cosy et une sensation de bien-\u00eatre au sein de votre foyer gr\u00e2ce \u00e0 cet outil performant capable de chauffer jusqu\u2019\u00e0 310m3. \u00c0 la pointe de la technologie, son grand r\u00e9servoir et son syst\u00e8me de programmation int\u00e9gr\u00e9 vous offrent une autonomie de 34H.<\/p><p>\u00c9quip\u00e9 et performant, n\u2019h\u00e9sitez plus et laissez-vous s\u00e9duire par le po\u00eale Vittoria.<\/p>\t\t\t\t\t\t\t\t<\/div>\n\t\t\t\t<\/div>\n\t\t\t\t<\/div>\n\t\t<div class=\"elementor-element elementor-element-f19d6f0 e-con-full e-flex e-con e-child\" data-id=\"f19d6f0\" data-element_type=\"container\">\n\t\t\t\t<div class=\"elementor-element elementor-element-69e5c0a elementor-widget elementor-widget-heading\" data-id=\"69e5c0a\" data-element_type=\"widget\" data-widget_type=\"heading.default\">\n\t\t\t\t<div class=\"elementor-widget-container\">\n\t\t\t\t\t<h3 class=\"elementor-heading-title elementor-size-default\">Caract\u00e9ristiques<\/h3>\t\t\t\t<\/div>\n\t\t\t\t<\/div>\n\t\t\t\t<div class=\"elementor-element elementor-element-47b85db elementor-widget elementor-widget-text-editor\" data-id=\"47b85db\" data-element_type=\"widget\" data-widget_type=\"text-editor.default\">\n\t\t\t\t<div class=\"elementor-widget-container\">\n\t\t\t\t\t\t\t\t\t<ul><li>Puissance : 14kw<\/li><li>Rendement : 93%<\/li><li>Autonomie : 34 heures<\/li><li>R\u00e9servoir \u00e0 granul\u00e9s : 25 kg<\/li><li>Volume de chauffe : 340 m3<\/li><li>Sortie des fum\u00e9es : arri\u00e8re<\/li><li>Diam\u00e8tre de sortie des fum\u00e9es : 80 mm<\/li><li>Dimensions : H107,3 x L49 x P50,3 cm<\/li><li>Poids : 125 kg<\/li><li>Pilotage \u00e0 distance<\/li><li>Installation : pose en ventouse<\/li><li>Garantie : 2 ans<\/li><\/ul>\t\t\t\t\t\t\t\t<\/div>\n\t\t\t\t<\/div>\n\t\t\t\t<\/div>\n\t\t\t\t<\/div>\n\t\t\t\t\t<\/div>\n\t\t\t\t<\/div>\n\t\t\t\t<\/div>\n\t\t","protected":false},"excerpt":{"rendered":"<p>Retour aux produits ETNA Po\u00eale VITTORIA ETANCHE 14&nbsp;kw Description Le po\u00eale \u00e0 pellets Vittoria Plus 14kW vous procure chaleur et douceur. Moderne et \u00e9pur\u00e9 avec son rev\u00eatement mat, ce po\u00eale n\u2019est que le reflet de l\u2019alliance parfaite entre confort et esth\u00e9tisme induit par la fabrication Italienne. Maintenez sans effort une ambiance cosy et une sensation [&hellip;]<\/p>\n","protected":false},"author":1,"featured_media":253,"parent":0,"menu_order":0,"comment_status":"closed","ping_status":"closed","template":"","meta":{"footnotes":""},"class_list":["post-301","page","type-page","status-publish","has-post-thumbnail","hentry"],"_links":{"self":[{"href":"https:\/\/chaufbois.eu\/index.php\/wp-json\/wp\/v2\/pages\/301","targetHints":{"allow":["GET"]}}],"collection":[{"href":"https:\/\/chaufbois.eu\/index.php\/wp-json\/wp\/v2\/pages"}],"about":[{"href":"https:\/\/chaufbois.eu\/index.php\/wp-json\/wp\/v2\/types\/page"}],"author":[{"embeddable":true,"href":"https:\/\/chaufbois.eu\/index.php\/wp-json\/wp\/v2\/users\/1"}],"replies":[{"embeddable":true,"href":"https:\/\/chaufbois.eu\/index.php\/wp-json\/wp\/v2\/comments?post=301"}],"version-history":[{"count":12,"href":"https:\/\/chaufbois.eu\/index.php\/wp-json\/wp\/v2\/pages\/301\/revisions"}],"predecessor-version":[{"id":360,"href":"https:\/\/chaufbois.eu\/index.php\/wp-json\/wp\/v2\/pages\/301\/revisions\/360"}],"wp:featuredmedia":[{"embeddable":true,"href":"https:\/\/chaufbois.eu\/index.php\/wp-json\/wp\/v2\/media\/253"}],"wp:attachment":[{"href":"https:\/\/chaufbois.eu\/index.php\/wp-json\/wp\/v2\/media?parent=301"}],"curies":[{"name":"wp","href":"https:\/\/api.w.org\/{rel}","templated":true}]}}