{"id":296,"date":"2026-01-05T09:43:49","date_gmt":"2026-01-05T08:43:49","guid":{"rendered":"https:\/\/chaufbois.eu\/?page_id=296"},"modified":"2026-01-05T10:07:42","modified_gmt":"2026-01-05T09:07:42","slug":"poele-vulcano-evo-etanche-11-kw","status":"publish","type":"page","link":"https:\/\/chaufbois.eu\/index.php\/poele-vulcano-evo-etanche-11-kw\/","title":{"rendered":"Po\u00eale VULCANO EVO ETANCHE 11\u00a0kw"},"content":{"rendered":"\t\t<div data-elementor-type=\"wp-page\" data-elementor-id=\"296\" class=\"elementor elementor-296\" data-elementor-post-type=\"page\">\n\t\t\t\t<div class=\"elementor-element elementor-element-7b0da0f e-flex e-con-boxed e-con e-parent\" data-id=\"7b0da0f\" data-element_type=\"container\">\n\t\t\t\t\t<div class=\"e-con-inner\">\n\t\t\t\t<div class=\"elementor-element elementor-element-93f982b elementor-widget elementor-widget-button\" data-id=\"93f982b\" data-element_type=\"widget\" data-widget_type=\"button.default\">\n\t\t\t\t<div class=\"elementor-widget-container\">\n\t\t\t\t\t\t\t\t\t<div class=\"elementor-button-wrapper\">\n\t\t\t\t\t<a class=\"elementor-button elementor-button-link elementor-size-sm\" href=\"https:\/\/chaufbois.eu\/index.php\/produits-etna\/\">\n\t\t\t\t\t\t<span class=\"elementor-button-content-wrapper\">\n\t\t\t\t\t\t<span class=\"elementor-button-icon\">\n\t\t\t\t<svg aria-hidden=\"true\" class=\"e-font-icon-svg e-fas-arrow-left\" viewBox=\"0 0 448 512\" xmlns=\"http:\/\/www.w3.org\/2000\/svg\"><path d=\"M257.5 445.1l-22.2 22.2c-9.4 9.4-24.6 9.4-33.9 0L7 273c-9.4-9.4-9.4-24.6 0-33.9L201.4 44.7c9.4-9.4 24.6-9.4 33.9 0l22.2 22.2c9.5 9.5 9.3 25-.4 34.3L136.6 216H424c13.3 0 24 10.7 24 24v32c0 13.3-10.7 24-24 24H136.6l120.5 114.8c9.8 9.3 10 24.8.4 34.3z\"><\/path><\/svg>\t\t\t<\/span>\n\t\t\t\t\t\t\t\t\t<span class=\"elementor-button-text\">Retour aux produits ETNA<\/span>\n\t\t\t\t\t<\/span>\n\t\t\t\t\t<\/a>\n\t\t\t\t<\/div>\n\t\t\t\t\t\t\t\t<\/div>\n\t\t\t\t<\/div>\n\t\t\t\t\t<\/div>\n\t\t\t\t<\/div>\n\t\t<div class=\"elementor-element elementor-element-1ad6b5a e-flex e-con-boxed e-con e-parent\" data-id=\"1ad6b5a\" data-element_type=\"container\">\n\t\t\t\t\t<div class=\"e-con-inner\">\n\t\t<div class=\"elementor-element elementor-element-11368e8 e-con-full e-flex e-con e-child\" data-id=\"11368e8\" data-element_type=\"container\" data-settings=\"{&quot;sticky&quot;:&quot;top&quot;,&quot;sticky_on&quot;:[&quot;desktop&quot;,&quot;tablet&quot;],&quot;sticky_offset&quot;:50,&quot;sticky_parent&quot;:&quot;yes&quot;,&quot;sticky_effects_offset&quot;:0,&quot;sticky_anchor_link_offset&quot;:0}\">\n\t\t\t\t<div class=\"elementor-element elementor-element-27531a5 elementor-widget elementor-widget-heading\" data-id=\"27531a5\" data-element_type=\"widget\" data-widget_type=\"heading.default\">\n\t\t\t\t<div class=\"elementor-widget-container\">\n\t\t\t\t\t<h2 class=\"elementor-heading-title elementor-size-default\">Po\u00eale VULCANO EVO ETANCHE 11\u00a0kw<\/h2>\t\t\t\t<\/div>\n\t\t\t\t<\/div>\n\t\t\t\t<div class=\"elementor-element elementor-element-90905f4 elementor-widget elementor-widget-gallery\" data-id=\"90905f4\" data-element_type=\"widget\" data-settings=\"{&quot;columns&quot;:3,&quot;gap&quot;:{&quot;unit&quot;:&quot;px&quot;,&quot;size&quot;:0,&quot;sizes&quot;:[]},&quot;aspect_ratio&quot;:&quot;1:1&quot;,&quot;lazyload&quot;:&quot;yes&quot;,&quot;gallery_layout&quot;:&quot;grid&quot;,&quot;columns_tablet&quot;:2,&quot;columns_mobile&quot;:1,&quot;gap_tablet&quot;:{&quot;unit&quot;:&quot;px&quot;,&quot;size&quot;:10,&quot;sizes&quot;:[]},&quot;gap_mobile&quot;:{&quot;unit&quot;:&quot;px&quot;,&quot;size&quot;:10,&quot;sizes&quot;:[]},&quot;link_to&quot;:&quot;file&quot;,&quot;content_hover_animation&quot;:&quot;fade-in&quot;}\" data-widget_type=\"gallery.default\">\n\t\t\t\t<div class=\"elementor-widget-container\">\n\t\t\t\t\t\t\t<div class=\"elementor-gallery__container\">\n\t\t\t\t\t\t\t<a class=\"e-gallery-item elementor-gallery-item elementor-animated-content\" href=\"https:\/\/chaufbois.eu\/wp-content\/uploads\/2025\/12\/poele-a-granules-etanche-vulcano-12.jpg\" data-elementor-open-lightbox=\"yes\" data-elementor-lightbox-slideshow=\"90905f4\" data-elementor-lightbox-title=\"poele-a-granules-etanche-vulcano-12\" data-e-action-hash=\"#elementor-action%3Aaction%3Dlightbox%26settings%3DeyJpZCI6MjQ5LCJ1cmwiOiJodHRwczpcL1wvY2hhdWZib2lzLmV1XC93cC1jb250ZW50XC91cGxvYWRzXC8yMDI1XC8xMlwvcG9lbGUtYS1ncmFudWxlcy1ldGFuY2hlLXZ1bGNhbm8tMTIuanBnIiwic2xpZGVzaG93IjoiOTA5MDVmNCJ9\">\n\t\t\t\t\t<div class=\"e-gallery-image elementor-gallery-item__image\" data-thumbnail=\"https:\/\/chaufbois.eu\/wp-content\/uploads\/2025\/12\/poele-a-granules-etanche-vulcano-12.jpg\" data-width=\"800\" data-height=\"800\" aria-label=\"\" role=\"img\" ><\/div>\n\t\t\t\t\t\t\t\t\t\t\t\t\t\t<\/a>\n\t\t\t\t\t\t\t<a class=\"e-gallery-item elementor-gallery-item elementor-animated-content\" href=\"https:\/\/chaufbois.eu\/wp-content\/uploads\/2025\/12\/poele-a-granules-etanche-vulcano-12BDX.png\" data-elementor-open-lightbox=\"yes\" data-elementor-lightbox-slideshow=\"90905f4\" data-elementor-lightbox-title=\"poele-a-granules-etanche-vulcano-12BDX\" data-e-action-hash=\"#elementor-action%3Aaction%3Dlightbox%26settings%3DeyJpZCI6MjUwLCJ1cmwiOiJodHRwczpcL1wvY2hhdWZib2lzLmV1XC93cC1jb250ZW50XC91cGxvYWRzXC8yMDI1XC8xMlwvcG9lbGUtYS1ncmFudWxlcy1ldGFuY2hlLXZ1bGNhbm8tMTJCRFgucG5nIiwic2xpZGVzaG93IjoiOTA5MDVmNCJ9\">\n\t\t\t\t\t<div class=\"e-gallery-image elementor-gallery-item__image\" data-thumbnail=\"https:\/\/chaufbois.eu\/wp-content\/uploads\/2025\/12\/poele-a-granules-etanche-vulcano-12BDX.png\" data-width=\"800\" data-height=\"800\" aria-label=\"\" role=\"img\" ><\/div>\n\t\t\t\t\t\t\t\t\t\t\t\t\t\t<\/a>\n\t\t\t\t\t\t\t<a class=\"e-gallery-item elementor-gallery-item elementor-animated-content\" href=\"https:\/\/chaufbois.eu\/wp-content\/uploads\/2025\/12\/poele-a-granules-etanche-vulcano-12.png\" data-elementor-open-lightbox=\"yes\" data-elementor-lightbox-slideshow=\"90905f4\" data-elementor-lightbox-title=\"poele-a-granules-etanche-vulcano-12\" data-e-action-hash=\"#elementor-action%3Aaction%3Dlightbox%26settings%3DeyJpZCI6MjUxLCJ1cmwiOiJodHRwczpcL1wvY2hhdWZib2lzLmV1XC93cC1jb250ZW50XC91cGxvYWRzXC8yMDI1XC8xMlwvcG9lbGUtYS1ncmFudWxlcy1ldGFuY2hlLXZ1bGNhbm8tMTIucG5nIiwic2xpZGVzaG93IjoiOTA5MDVmNCJ9\">\n\t\t\t\t\t<div class=\"e-gallery-image elementor-gallery-item__image\" data-thumbnail=\"https:\/\/chaufbois.eu\/wp-content\/uploads\/2025\/12\/poele-a-granules-etanche-vulcano-12.png\" data-width=\"800\" data-height=\"800\" aria-label=\"\" role=\"img\" ><\/div>\n\t\t\t\t\t\t\t\t\t\t\t\t\t\t<\/a>\n\t\t\t\t\t\t\t<a class=\"e-gallery-item elementor-gallery-item elementor-animated-content\" href=\"https:\/\/chaufbois.eu\/wp-content\/uploads\/2025\/12\/poele-a-granules-etanche-vulcano-12-blanc.png\" data-elementor-open-lightbox=\"yes\" data-elementor-lightbox-slideshow=\"90905f4\" data-elementor-lightbox-title=\"poele-a-granules-etanche-vulcano-12-blanc\" data-e-action-hash=\"#elementor-action%3Aaction%3Dlightbox%26settings%3DeyJpZCI6MjUyLCJ1cmwiOiJodHRwczpcL1wvY2hhdWZib2lzLmV1XC93cC1jb250ZW50XC91cGxvYWRzXC8yMDI1XC8xMlwvcG9lbGUtYS1ncmFudWxlcy1ldGFuY2hlLXZ1bGNhbm8tMTItYmxhbmMucG5nIiwic2xpZGVzaG93IjoiOTA5MDVmNCJ9\">\n\t\t\t\t\t<div class=\"e-gallery-image elementor-gallery-item__image\" data-thumbnail=\"https:\/\/chaufbois.eu\/wp-content\/uploads\/2025\/12\/poele-a-granules-etanche-vulcano-12-blanc.png\" data-width=\"800\" data-height=\"800\" aria-label=\"\" role=\"img\" ><\/div>\n\t\t\t\t\t\t\t\t\t\t\t\t\t\t<\/a>\n\t\t\t\t\t<\/div>\n\t\t\t\t\t<\/div>\n\t\t\t\t<\/div>\n\t\t\t\t<\/div>\n\t\t<div class=\"elementor-element elementor-element-1d3d555 e-con-full e-flex e-con e-child\" data-id=\"1d3d555\" data-element_type=\"container\">\n\t\t<div class=\"elementor-element elementor-element-120d0f3 e-con-full e-flex e-con e-child\" data-id=\"120d0f3\" data-element_type=\"container\">\n\t\t\t\t<div class=\"elementor-element elementor-element-fccbc9e elementor-widget elementor-widget-heading\" data-id=\"fccbc9e\" data-element_type=\"widget\" data-widget_type=\"heading.default\">\n\t\t\t\t<div class=\"elementor-widget-container\">\n\t\t\t\t\t<h3 class=\"elementor-heading-title elementor-size-default\">Description<\/h3>\t\t\t\t<\/div>\n\t\t\t\t<\/div>\n\t\t\t\t<div class=\"elementor-element elementor-element-dac8fe6 elementor-widget elementor-widget-text-editor\" data-id=\"dac8fe6\" data-element_type=\"widget\" data-widget_type=\"text-editor.default\">\n\t\t\t\t<div class=\"elementor-widget-container\">\n\t\t\t\t\t\t\t\t\t<p>Le\u00a0<strong>Vulcano EVO 12 kW<\/strong>\u00a0d\u2019<strong>ETNA<\/strong> est un po\u00eale \u00e0 pellets \u00e9tanche pens\u00e9 pour allier performance, praticit\u00e9 et \u00e9l\u00e9gance. Avec une puissance de 12 kW, il chauffe efficacement des espaces jusqu\u2019\u00e0 136 m\u00b2 tout en affichant un rendement exceptionnel de 96 %. Ce mod\u00e8le garantit une consommation r\u00e9duite de granul\u00e9s, vous permettant de profiter d\u2019une chaleur homog\u00e8ne et \u00e9conomique pendant jusqu\u2019\u00e0 30 heures d\u2019autonomie gr\u00e2ce \u00e0 son grand r\u00e9servoir de 30 kg.<\/p><p>Con\u00e7u pour s\u2019int\u00e9grer dans tous les int\u00e9rieurs, le\u00a0<strong>Vulcano EVO<\/strong>\u00a0allie un design sobre et \u00e9l\u00e9gant avec une large vue sur la flamme pour une ambiance chaleureuse. Il est facile \u00e0 installer, avec une compatibilit\u00e9 pour les zones 1, 2 ou 3, et offre la possibilit\u00e9 d\u2019une sortie des fum\u00e9es en fa\u00e7ade ou par le toit.<\/p><p>Dot\u00e9 de multiples dispositifs de s\u00e9curit\u00e9, d\u2019un \u00e9cran LCD intuitif et d\u2019une connectivit\u00e9 moderne avec t\u00e9l\u00e9commande incluse et option Wi-Fi, ce po\u00eale est aussi simple \u00e0 utiliser qu\u2019\u00e0 entretenir. Avec le\u00a0<strong>Vulcano EVO 12<\/strong>, vous optez pour un confort thermique optimal et une technologie durable adapt\u00e9e \u00e0 votre quotidien.<\/p>\t\t\t\t\t\t\t\t<\/div>\n\t\t\t\t<\/div>\n\t\t\t\t<\/div>\n\t\t<div class=\"elementor-element elementor-element-7b0e4eb e-con-full e-flex e-con e-child\" data-id=\"7b0e4eb\" data-element_type=\"container\">\n\t\t\t\t<div class=\"elementor-element elementor-element-5c0c47f elementor-widget elementor-widget-heading\" data-id=\"5c0c47f\" data-element_type=\"widget\" data-widget_type=\"heading.default\">\n\t\t\t\t<div class=\"elementor-widget-container\">\n\t\t\t\t\t<h3 class=\"elementor-heading-title elementor-size-default\">Caract\u00e9ristiques<\/h3>\t\t\t\t<\/div>\n\t\t\t\t<\/div>\n\t\t\t\t<div class=\"elementor-element elementor-element-283f6a1 elementor-widget elementor-widget-text-editor\" data-id=\"283f6a1\" data-element_type=\"widget\" data-widget_type=\"text-editor.default\">\n\t\t\t\t<div class=\"elementor-widget-container\">\n\t\t\t\t\t\t\t\t\t<ul><li>Puissance : 12kw<\/li><li>Rendement :96,2%<\/li><li>Autonomie : 32 heures<\/li><li>R\u00e9servoir \u00e0 granul\u00e9s : 30 kg<\/li><li>Volume de chauffe : 340 m3<\/li><li>Sortie des fum\u00e9es : Arri\u00e8re<\/li><li>Diam\u00e8tre de sortie des fum\u00e9es : 80 mm<\/li><li>Consommation de granul\u00e9s : 0,94 &#8211; 2,31<\/li><li>Dimensions : H96,5cm * L49,3cm * P48,3cm<\/li><li>Poids : 77 kg<\/li><\/ul>\t\t\t\t\t\t\t\t<\/div>\n\t\t\t\t<\/div>\n\t\t\t\t<\/div>\n\t\t\t\t<\/div>\n\t\t\t\t\t<\/div>\n\t\t\t\t<\/div>\n\t\t\t\t<\/div>\n\t\t","protected":false},"excerpt":{"rendered":"<p>Retour aux produits ETNA Po\u00eale VULCANO EVO ETANCHE 11\u00a0kw Description Le\u00a0Vulcano EVO 12 kW\u00a0d\u2019ETNA est un po\u00eale \u00e0 pellets \u00e9tanche pens\u00e9 pour allier performance, praticit\u00e9 et \u00e9l\u00e9gance. Avec une puissance de 12 kW, il chauffe efficacement des espaces jusqu\u2019\u00e0 136 m\u00b2 tout en affichant un rendement exceptionnel de 96 %. Ce mod\u00e8le garantit une consommation [&hellip;]<\/p>\n","protected":false},"author":1,"featured_media":249,"parent":0,"menu_order":0,"comment_status":"closed","ping_status":"closed","template":"","meta":{"footnotes":""},"class_list":["post-296","page","type-page","status-publish","has-post-thumbnail","hentry"],"_links":{"self":[{"href":"https:\/\/chaufbois.eu\/index.php\/wp-json\/wp\/v2\/pages\/296","targetHints":{"allow":["GET"]}}],"collection":[{"href":"https:\/\/chaufbois.eu\/index.php\/wp-json\/wp\/v2\/pages"}],"about":[{"href":"https:\/\/chaufbois.eu\/index.php\/wp-json\/wp\/v2\/types\/page"}],"author":[{"embeddable":true,"href":"https:\/\/chaufbois.eu\/index.php\/wp-json\/wp\/v2\/users\/1"}],"replies":[{"embeddable":true,"href":"https:\/\/chaufbois.eu\/index.php\/wp-json\/wp\/v2\/comments?post=296"}],"version-history":[{"count":13,"href":"https:\/\/chaufbois.eu\/index.php\/wp-json\/wp\/v2\/pages\/296\/revisions"}],"predecessor-version":[{"id":354,"href":"https:\/\/chaufbois.eu\/index.php\/wp-json\/wp\/v2\/pages\/296\/revisions\/354"}],"wp:featuredmedia":[{"embeddable":true,"href":"https:\/\/chaufbois.eu\/index.php\/wp-json\/wp\/v2\/media\/249"}],"wp:attachment":[{"href":"https:\/\/chaufbois.eu\/index.php\/wp-json\/wp\/v2\/media?parent=296"}],"curies":[{"name":"wp","href":"https:\/\/api.w.org\/{rel}","templated":true}]}}