{"id":282,"date":"2026-01-05T09:40:21","date_gmt":"2026-01-05T08:40:21","guid":{"rendered":"https:\/\/chaufbois.eu\/?page_id=282"},"modified":"2026-01-05T10:07:48","modified_gmt":"2026-01-05T09:07:48","slug":"poele-silenzio-etanche-9-2-kw","status":"publish","type":"page","link":"https:\/\/chaufbois.eu\/index.php\/poele-silenzio-etanche-9-2-kw\/","title":{"rendered":"Po\u00eale SILENZIO ETANCHE 9.2\u00a0kw"},"content":{"rendered":"\t\t<div data-elementor-type=\"wp-page\" data-elementor-id=\"282\" class=\"elementor elementor-282\" data-elementor-post-type=\"page\">\n\t\t\t\t<div class=\"elementor-element elementor-element-c907dea e-flex e-con-boxed e-con e-parent\" data-id=\"c907dea\" data-element_type=\"container\">\n\t\t\t\t\t<div class=\"e-con-inner\">\n\t\t\t\t<div class=\"elementor-element elementor-element-2cf7d31 elementor-widget elementor-widget-button\" data-id=\"2cf7d31\" data-element_type=\"widget\" data-widget_type=\"button.default\">\n\t\t\t\t<div class=\"elementor-widget-container\">\n\t\t\t\t\t\t\t\t\t<div class=\"elementor-button-wrapper\">\n\t\t\t\t\t<a class=\"elementor-button elementor-button-link elementor-size-sm\" href=\"https:\/\/chaufbois.eu\/index.php\/produits-etna\/\">\n\t\t\t\t\t\t<span class=\"elementor-button-content-wrapper\">\n\t\t\t\t\t\t<span class=\"elementor-button-icon\">\n\t\t\t\t<svg aria-hidden=\"true\" class=\"e-font-icon-svg e-fas-arrow-left\" viewBox=\"0 0 448 512\" xmlns=\"http:\/\/www.w3.org\/2000\/svg\"><path d=\"M257.5 445.1l-22.2 22.2c-9.4 9.4-24.6 9.4-33.9 0L7 273c-9.4-9.4-9.4-24.6 0-33.9L201.4 44.7c9.4-9.4 24.6-9.4 33.9 0l22.2 22.2c9.5 9.5 9.3 25-.4 34.3L136.6 216H424c13.3 0 24 10.7 24 24v32c0 13.3-10.7 24-24 24H136.6l120.5 114.8c9.8 9.3 10 24.8.4 34.3z\"><\/path><\/svg>\t\t\t<\/span>\n\t\t\t\t\t\t\t\t\t<span class=\"elementor-button-text\">Retour aux produits ETNA<\/span>\n\t\t\t\t\t<\/span>\n\t\t\t\t\t<\/a>\n\t\t\t\t<\/div>\n\t\t\t\t\t\t\t\t<\/div>\n\t\t\t\t<\/div>\n\t\t\t\t\t<\/div>\n\t\t\t\t<\/div>\n\t\t<div class=\"elementor-element elementor-element-21f0e95 e-flex e-con-boxed e-con e-parent\" data-id=\"21f0e95\" data-element_type=\"container\">\n\t\t\t\t\t<div class=\"e-con-inner\">\n\t\t<div class=\"elementor-element elementor-element-2a59a33 e-con-full e-flex e-con e-child\" data-id=\"2a59a33\" data-element_type=\"container\" data-settings=\"{&quot;sticky&quot;:&quot;top&quot;,&quot;sticky_on&quot;:[&quot;desktop&quot;,&quot;tablet&quot;],&quot;sticky_offset&quot;:50,&quot;sticky_parent&quot;:&quot;yes&quot;,&quot;sticky_effects_offset&quot;:0,&quot;sticky_anchor_link_offset&quot;:0}\">\n\t\t\t\t<div class=\"elementor-element elementor-element-c4bf039 elementor-widget elementor-widget-heading\" data-id=\"c4bf039\" data-element_type=\"widget\" data-widget_type=\"heading.default\">\n\t\t\t\t<div class=\"elementor-widget-container\">\n\t\t\t\t\t<h2 class=\"elementor-heading-title elementor-size-default\">Po\u00eale SILENZIO ETANCHE 9.2\u00a0kw<\/h2>\t\t\t\t<\/div>\n\t\t\t\t<\/div>\n\t\t\t\t<div class=\"elementor-element elementor-element-1b0469e elementor-widget elementor-widget-gallery\" data-id=\"1b0469e\" data-element_type=\"widget\" data-settings=\"{&quot;columns&quot;:3,&quot;gap&quot;:{&quot;unit&quot;:&quot;px&quot;,&quot;size&quot;:0,&quot;sizes&quot;:[]},&quot;aspect_ratio&quot;:&quot;1:1&quot;,&quot;lazyload&quot;:&quot;yes&quot;,&quot;gallery_layout&quot;:&quot;grid&quot;,&quot;columns_tablet&quot;:2,&quot;columns_mobile&quot;:1,&quot;gap_tablet&quot;:{&quot;unit&quot;:&quot;px&quot;,&quot;size&quot;:10,&quot;sizes&quot;:[]},&quot;gap_mobile&quot;:{&quot;unit&quot;:&quot;px&quot;,&quot;size&quot;:10,&quot;sizes&quot;:[]},&quot;link_to&quot;:&quot;file&quot;,&quot;content_hover_animation&quot;:&quot;fade-in&quot;}\" data-widget_type=\"gallery.default\">\n\t\t\t\t<div class=\"elementor-widget-container\">\n\t\t\t\t\t\t\t<div class=\"elementor-gallery__container\">\n\t\t\t\t\t\t\t<a class=\"e-gallery-item elementor-gallery-item elementor-animated-content\" href=\"https:\/\/chaufbois.eu\/wp-content\/uploads\/2026\/01\/poele-silenzio-1.webp\" data-elementor-open-lightbox=\"yes\" data-elementor-lightbox-slideshow=\"1b0469e\" data-elementor-lightbox-title=\"poele-silenzio-1\" data-e-action-hash=\"#elementor-action%3Aaction%3Dlightbox%26settings%3DeyJpZCI6Mjc0LCJ1cmwiOiJodHRwczpcL1wvY2hhdWZib2lzLmV1XC93cC1jb250ZW50XC91cGxvYWRzXC8yMDI2XC8wMVwvcG9lbGUtc2lsZW56aW8tMS53ZWJwIiwic2xpZGVzaG93IjoiMWIwNDY5ZSJ9\">\n\t\t\t\t\t<div class=\"e-gallery-image elementor-gallery-item__image\" data-thumbnail=\"https:\/\/chaufbois.eu\/wp-content\/uploads\/2026\/01\/poele-silenzio-1.webp\" data-width=\"800\" data-height=\"800\" aria-label=\"\" role=\"img\" ><\/div>\n\t\t\t\t\t\t\t\t\t\t\t\t\t\t<\/a>\n\t\t\t\t\t\t\t<a class=\"e-gallery-item elementor-gallery-item elementor-animated-content\" href=\"https:\/\/chaufbois.eu\/wp-content\/uploads\/2026\/01\/poele-silenzio-2.webp\" data-elementor-open-lightbox=\"yes\" data-elementor-lightbox-slideshow=\"1b0469e\" data-elementor-lightbox-title=\"poele-silenzio-2\" data-e-action-hash=\"#elementor-action%3Aaction%3Dlightbox%26settings%3DeyJpZCI6MjcxLCJ1cmwiOiJodHRwczpcL1wvY2hhdWZib2lzLmV1XC93cC1jb250ZW50XC91cGxvYWRzXC8yMDI2XC8wMVwvcG9lbGUtc2lsZW56aW8tMi53ZWJwIiwic2xpZGVzaG93IjoiMWIwNDY5ZSJ9\">\n\t\t\t\t\t<div class=\"e-gallery-image elementor-gallery-item__image\" data-thumbnail=\"https:\/\/chaufbois.eu\/wp-content\/uploads\/2026\/01\/poele-silenzio-2.webp\" data-width=\"800\" data-height=\"800\" aria-label=\"\" role=\"img\" ><\/div>\n\t\t\t\t\t\t\t\t\t\t\t\t\t\t<\/a>\n\t\t\t\t\t\t\t<a class=\"e-gallery-item elementor-gallery-item elementor-animated-content\" href=\"https:\/\/chaufbois.eu\/wp-content\/uploads\/2026\/01\/poele-silenzio-3.webp\" data-elementor-open-lightbox=\"yes\" data-elementor-lightbox-slideshow=\"1b0469e\" data-elementor-lightbox-title=\"poele-silenzio-3\" data-e-action-hash=\"#elementor-action%3Aaction%3Dlightbox%26settings%3DeyJpZCI6MjcyLCJ1cmwiOiJodHRwczpcL1wvY2hhdWZib2lzLmV1XC93cC1jb250ZW50XC91cGxvYWRzXC8yMDI2XC8wMVwvcG9lbGUtc2lsZW56aW8tMy53ZWJwIiwic2xpZGVzaG93IjoiMWIwNDY5ZSJ9\">\n\t\t\t\t\t<div class=\"e-gallery-image elementor-gallery-item__image\" data-thumbnail=\"https:\/\/chaufbois.eu\/wp-content\/uploads\/2026\/01\/poele-silenzio-3.webp\" data-width=\"800\" data-height=\"800\" aria-label=\"\" role=\"img\" ><\/div>\n\t\t\t\t\t\t\t\t\t\t\t\t\t\t<\/a>\n\t\t\t\t\t\t\t<a class=\"e-gallery-item elementor-gallery-item elementor-animated-content\" href=\"https:\/\/chaufbois.eu\/wp-content\/uploads\/2026\/01\/poele-silenzio-4.webp\" data-elementor-open-lightbox=\"yes\" data-elementor-lightbox-slideshow=\"1b0469e\" data-elementor-lightbox-title=\"poele-silenzio-4\" data-e-action-hash=\"#elementor-action%3Aaction%3Dlightbox%26settings%3DeyJpZCI6MjczLCJ1cmwiOiJodHRwczpcL1wvY2hhdWZib2lzLmV1XC93cC1jb250ZW50XC91cGxvYWRzXC8yMDI2XC8wMVwvcG9lbGUtc2lsZW56aW8tNC53ZWJwIiwic2xpZGVzaG93IjoiMWIwNDY5ZSJ9\">\n\t\t\t\t\t<div class=\"e-gallery-image elementor-gallery-item__image\" data-thumbnail=\"https:\/\/chaufbois.eu\/wp-content\/uploads\/2026\/01\/poele-silenzio-4.webp\" data-width=\"800\" data-height=\"800\" aria-label=\"\" role=\"img\" ><\/div>\n\t\t\t\t\t\t\t\t\t\t\t\t\t\t<\/a>\n\t\t\t\t\t<\/div>\n\t\t\t\t\t<\/div>\n\t\t\t\t<\/div>\n\t\t\t\t<\/div>\n\t\t<div class=\"elementor-element elementor-element-508e911 e-con-full e-flex e-con e-child\" data-id=\"508e911\" data-element_type=\"container\">\n\t\t<div class=\"elementor-element elementor-element-0c8a6c8 e-con-full e-flex e-con e-child\" data-id=\"0c8a6c8\" data-element_type=\"container\">\n\t\t\t\t<div class=\"elementor-element elementor-element-f546df5 elementor-widget elementor-widget-heading\" data-id=\"f546df5\" data-element_type=\"widget\" data-widget_type=\"heading.default\">\n\t\t\t\t<div class=\"elementor-widget-container\">\n\t\t\t\t\t<h3 class=\"elementor-heading-title elementor-size-default\">Caract\u00e9ristiques<\/h3>\t\t\t\t<\/div>\n\t\t\t\t<\/div>\n\t\t\t\t<div class=\"elementor-element elementor-element-cdf7686 elementor-widget elementor-widget-text-editor\" data-id=\"cdf7686\" data-element_type=\"widget\" data-widget_type=\"text-editor.default\">\n\t\t\t\t<div class=\"elementor-widget-container\">\n\t\t\t\t\t\t\t\t\t<ul><li>Zones d&rsquo;installation :<strong>\u00a0Zones 1, 2 ou 3<\/strong>\u00a0(<strong>sortie des fum\u00e9es en fa\u00e7ade ou par le toit<\/strong>)<\/li><li>Surface de chauffe estim\u00e9e : jusqu&rsquo;\u00e0\u00a0<strong>90m\u00b2<\/strong><\/li><li><strong>Ultra silencieux<\/strong><\/li><li><strong>Grande autonomie<\/strong>\u00a0: jusqu&rsquo;\u00e0 20h d&rsquo;utilisation en continu<\/li><li>Haut rendement (&gt;91 %) :\u00a0<strong>faible consommation de granul\u00e9s<\/strong><\/li><li>Po\u00eale \u00e9tanche :\u00a0<strong>facile \u00e0 installer<\/strong><\/li><li>Facile \u00e0 entretenir et\u00a0<strong>simple d&rsquo;utilisation<\/strong><\/li><li><strong>Connect\u00e9<\/strong>\u00a0: T\u00e9l\u00e9commande incluse et Wi-Fi en option<\/li><li>Eco-friendly :\u00a0<strong>Appareil certifi\u00e9 recyclable \u00e0 85%<\/strong><\/li><li>Garantie 2 ans<\/li><\/ul>\t\t\t\t\t\t\t\t<\/div>\n\t\t\t\t<\/div>\n\t\t\t\t<\/div>\n\t\t\t\t<\/div>\n\t\t\t\t\t<\/div>\n\t\t\t\t<\/div>\n\t\t\t\t<\/div>\n\t\t","protected":false},"excerpt":{"rendered":"<p>Retour aux produits ETNA Po\u00eale SILENZIO ETANCHE 9.2\u00a0kw Caract\u00e9ristiques Zones d&rsquo;installation :\u00a0Zones 1, 2 ou 3\u00a0(sortie des fum\u00e9es en fa\u00e7ade ou par le toit) Surface de chauffe estim\u00e9e : jusqu&rsquo;\u00e0\u00a090m\u00b2 Ultra silencieux Grande autonomie\u00a0: jusqu&rsquo;\u00e0 20h d&rsquo;utilisation en continu Haut rendement (&gt;91 %) :\u00a0faible consommation de granul\u00e9s Po\u00eale \u00e9tanche :\u00a0facile \u00e0 installer Facile \u00e0 entretenir [&hellip;]<\/p>\n","protected":false},"author":1,"featured_media":274,"parent":0,"menu_order":0,"comment_status":"closed","ping_status":"closed","template":"","meta":{"footnotes":""},"class_list":["post-282","page","type-page","status-publish","has-post-thumbnail","hentry"],"_links":{"self":[{"href":"https:\/\/chaufbois.eu\/index.php\/wp-json\/wp\/v2\/pages\/282","targetHints":{"allow":["GET"]}}],"collection":[{"href":"https:\/\/chaufbois.eu\/index.php\/wp-json\/wp\/v2\/pages"}],"about":[{"href":"https:\/\/chaufbois.eu\/index.php\/wp-json\/wp\/v2\/types\/page"}],"author":[{"embeddable":true,"href":"https:\/\/chaufbois.eu\/index.php\/wp-json\/wp\/v2\/users\/1"}],"replies":[{"embeddable":true,"href":"https:\/\/chaufbois.eu\/index.php\/wp-json\/wp\/v2\/comments?post=282"}],"version-history":[{"count":15,"href":"https:\/\/chaufbois.eu\/index.php\/wp-json\/wp\/v2\/pages\/282\/revisions"}],"predecessor-version":[{"id":357,"href":"https:\/\/chaufbois.eu\/index.php\/wp-json\/wp\/v2\/pages\/282\/revisions\/357"}],"wp:featuredmedia":[{"embeddable":true,"href":"https:\/\/chaufbois.eu\/index.php\/wp-json\/wp\/v2\/media\/274"}],"wp:attachment":[{"href":"https:\/\/chaufbois.eu\/index.php\/wp-json\/wp\/v2\/media?parent=282"}],"curies":[{"name":"wp","href":"https:\/\/api.w.org\/{rel}","templated":true}]}}