{"id":147,"date":"2025-12-28T15:01:19","date_gmt":"2025-12-28T14:01:19","guid":{"rendered":"https:\/\/chaufbois.eu\/?page_id=147"},"modified":"2026-01-06T16:24:39","modified_gmt":"2026-01-06T15:24:39","slug":"produits-etna","status":"publish","type":"page","link":"https:\/\/chaufbois.eu\/index.php\/produits-etna\/","title":{"rendered":"Produits Etna"},"content":{"rendered":"\t\t<div data-elementor-type=\"wp-page\" data-elementor-id=\"147\" class=\"elementor elementor-147\" data-elementor-post-type=\"page\">\n\t\t\t\t<div class=\"elementor-element elementor-element-3f70142 e-flex e-con-boxed e-con e-parent\" data-id=\"3f70142\" data-element_type=\"container\">\n\t\t\t\t\t<div class=\"e-con-inner\">\n\t\t\t\t<div class=\"elementor-element elementor-element-537cb24 elementor-widget elementor-widget-heading\" data-id=\"537cb24\" data-element_type=\"widget\" data-widget_type=\"heading.default\">\n\t\t\t\t<div class=\"elementor-widget-container\">\n\t\t\t\t\t<h2 class=\"elementor-heading-title elementor-size-default\">Po\u00eales \u00e0 pellets<\/h2>\t\t\t\t<\/div>\n\t\t\t\t<\/div>\n\t\t\t\t<div class=\"elementor-element elementor-element-4745584 elementor-grid-2 elementor-grid-tablet-2 elementor-grid-mobile-1 elementor-posts--thumbnail-top elementor-widget elementor-widget-posts\" data-id=\"4745584\" data-element_type=\"widget\" data-settings=\"{&quot;classic_columns&quot;:&quot;2&quot;,&quot;classic_columns_tablet&quot;:&quot;2&quot;,&quot;classic_columns_mobile&quot;:&quot;1&quot;,&quot;classic_row_gap&quot;:{&quot;unit&quot;:&quot;px&quot;,&quot;size&quot;:35,&quot;sizes&quot;:[]},&quot;classic_row_gap_tablet&quot;:{&quot;unit&quot;:&quot;px&quot;,&quot;size&quot;:&quot;&quot;,&quot;sizes&quot;:[]},&quot;classic_row_gap_mobile&quot;:{&quot;unit&quot;:&quot;px&quot;,&quot;size&quot;:&quot;&quot;,&quot;sizes&quot;:[]}}\" data-widget_type=\"posts.classic\">\n\t\t\t\t<div class=\"elementor-widget-container\">\n\t\t\t\t\t\t\t<div class=\"elementor-posts-container elementor-posts elementor-posts--skin-classic elementor-grid\" role=\"list\">\n\t\t\t\t<article class=\"elementor-post elementor-grid-item post-282 page type-page status-publish has-post-thumbnail hentry\" role=\"listitem\">\n\t\t\t\t<a class=\"elementor-post__thumbnail__link\" href=\"https:\/\/chaufbois.eu\/index.php\/poele-silenzio-etanche-9-2-kw\/\" tabindex=\"-1\" >\n\t\t\t<div class=\"elementor-post__thumbnail\"><img fetchpriority=\"high\" decoding=\"async\" width=\"800\" height=\"800\" src=\"https:\/\/chaufbois.eu\/wp-content\/uploads\/2026\/01\/poele-silenzio-1.webp\" class=\"attachment-full size-full wp-image-274\" alt=\"\" srcset=\"https:\/\/chaufbois.eu\/wp-content\/uploads\/2026\/01\/poele-silenzio-1.webp 800w, https:\/\/chaufbois.eu\/wp-content\/uploads\/2026\/01\/poele-silenzio-1-300x300.webp 300w, https:\/\/chaufbois.eu\/wp-content\/uploads\/2026\/01\/poele-silenzio-1-150x150.webp 150w, https:\/\/chaufbois.eu\/wp-content\/uploads\/2026\/01\/poele-silenzio-1-768x768.webp 768w, https:\/\/chaufbois.eu\/wp-content\/uploads\/2026\/01\/poele-silenzio-1-600x600.webp 600w, https:\/\/chaufbois.eu\/wp-content\/uploads\/2026\/01\/poele-silenzio-1-100x100.webp 100w\" sizes=\"(max-width: 800px) 100vw, 800px\" \/><\/div>\n\t\t<\/a>\n\t\t\t\t<div class=\"elementor-post__text\">\n\t\t\t\t<h3 class=\"elementor-post__title\">\n\t\t\t<a href=\"https:\/\/chaufbois.eu\/index.php\/poele-silenzio-etanche-9-2-kw\/\" >\n\t\t\t\tPo\u00eale SILENZIO ETANCHE 9.2\u00a0kw\t\t\t<\/a>\n\t\t<\/h3>\n\t\t\n\t\t<a class=\"elementor-post__read-more\" href=\"https:\/\/chaufbois.eu\/index.php\/poele-silenzio-etanche-9-2-kw\/\" aria-label=\"En savoir plus sur Po\u00eale SILENZIO ETANCHE 9.2\u00a0kw\" tabindex=\"-1\" >\n\t\t\tEn savoir plus sur ce po\u00eale\t\t<\/a>\n\n\t\t\t\t<\/div>\n\t\t\t\t<\/article>\n\t\t\t\t<article class=\"elementor-post elementor-grid-item post-296 page type-page status-publish has-post-thumbnail hentry\" role=\"listitem\">\n\t\t\t\t<a class=\"elementor-post__thumbnail__link\" href=\"https:\/\/chaufbois.eu\/index.php\/poele-vulcano-evo-etanche-11-kw\/\" tabindex=\"-1\" >\n\t\t\t<div class=\"elementor-post__thumbnail\"><img decoding=\"async\" width=\"800\" height=\"800\" src=\"https:\/\/chaufbois.eu\/wp-content\/uploads\/2025\/12\/poele-a-granules-etanche-vulcano-12.jpg\" class=\"attachment-full size-full wp-image-249\" alt=\"\" srcset=\"https:\/\/chaufbois.eu\/wp-content\/uploads\/2025\/12\/poele-a-granules-etanche-vulcano-12.jpg 800w, https:\/\/chaufbois.eu\/wp-content\/uploads\/2025\/12\/poele-a-granules-etanche-vulcano-12-300x300.jpg 300w, https:\/\/chaufbois.eu\/wp-content\/uploads\/2025\/12\/poele-a-granules-etanche-vulcano-12-150x150.jpg 150w, https:\/\/chaufbois.eu\/wp-content\/uploads\/2025\/12\/poele-a-granules-etanche-vulcano-12-768x768.jpg 768w, https:\/\/chaufbois.eu\/wp-content\/uploads\/2025\/12\/poele-a-granules-etanche-vulcano-12-600x600.jpg 600w, https:\/\/chaufbois.eu\/wp-content\/uploads\/2025\/12\/poele-a-granules-etanche-vulcano-12-100x100.jpg 100w\" sizes=\"(max-width: 800px) 100vw, 800px\" \/><\/div>\n\t\t<\/a>\n\t\t\t\t<div class=\"elementor-post__text\">\n\t\t\t\t<h3 class=\"elementor-post__title\">\n\t\t\t<a href=\"https:\/\/chaufbois.eu\/index.php\/poele-vulcano-evo-etanche-11-kw\/\" >\n\t\t\t\tPo\u00eale VULCANO EVO ETANCHE 11\u00a0kw\t\t\t<\/a>\n\t\t<\/h3>\n\t\t\n\t\t<a class=\"elementor-post__read-more\" href=\"https:\/\/chaufbois.eu\/index.php\/poele-vulcano-evo-etanche-11-kw\/\" aria-label=\"En savoir plus sur Po\u00eale VULCANO EVO ETANCHE 11\u00a0kw\" tabindex=\"-1\" >\n\t\t\tEn savoir plus sur ce po\u00eale\t\t<\/a>\n\n\t\t\t\t<\/div>\n\t\t\t\t<\/article>\n\t\t\t\t<article class=\"elementor-post elementor-grid-item post-301 page type-page status-publish has-post-thumbnail hentry\" role=\"listitem\">\n\t\t\t\t<a class=\"elementor-post__thumbnail__link\" href=\"https:\/\/chaufbois.eu\/index.php\/poele-vittoria-etanche-14-kw\/\" tabindex=\"-1\" >\n\t\t\t<div class=\"elementor-post__thumbnail\"><img decoding=\"async\" width=\"650\" height=\"650\" src=\"https:\/\/chaufbois.eu\/wp-content\/uploads\/2025\/12\/poele-a-granules-etanche-vittoriaplus-blanc-ambiance-etna.jpg\" class=\"attachment-full size-full wp-image-253\" alt=\"\" srcset=\"https:\/\/chaufbois.eu\/wp-content\/uploads\/2025\/12\/poele-a-granules-etanche-vittoriaplus-blanc-ambiance-etna.jpg 650w, https:\/\/chaufbois.eu\/wp-content\/uploads\/2025\/12\/poele-a-granules-etanche-vittoriaplus-blanc-ambiance-etna-300x300.jpg 300w, https:\/\/chaufbois.eu\/wp-content\/uploads\/2025\/12\/poele-a-granules-etanche-vittoriaplus-blanc-ambiance-etna-150x150.jpg 150w, https:\/\/chaufbois.eu\/wp-content\/uploads\/2025\/12\/poele-a-granules-etanche-vittoriaplus-blanc-ambiance-etna-600x600.jpg 600w, https:\/\/chaufbois.eu\/wp-content\/uploads\/2025\/12\/poele-a-granules-etanche-vittoriaplus-blanc-ambiance-etna-100x100.jpg 100w\" sizes=\"(max-width: 650px) 100vw, 650px\" \/><\/div>\n\t\t<\/a>\n\t\t\t\t<div class=\"elementor-post__text\">\n\t\t\t\t<h3 class=\"elementor-post__title\">\n\t\t\t<a href=\"https:\/\/chaufbois.eu\/index.php\/poele-vittoria-etanche-14-kw\/\" >\n\t\t\t\tPo\u00eale VITTORIA ETANCHE 14\u00a0kw\t\t\t<\/a>\n\t\t<\/h3>\n\t\t\n\t\t<a class=\"elementor-post__read-more\" href=\"https:\/\/chaufbois.eu\/index.php\/poele-vittoria-etanche-14-kw\/\" aria-label=\"En savoir plus sur Po\u00eale VITTORIA ETANCHE 14\u00a0kw\" tabindex=\"-1\" >\n\t\t\tEn savoir plus sur ce po\u00eale\t\t<\/a>\n\n\t\t\t\t<\/div>\n\t\t\t\t<\/article>\n\t\t\t\t<article class=\"elementor-post elementor-grid-item post-314 page type-page status-publish has-post-thumbnail hentry\" role=\"listitem\">\n\t\t\t\t<a class=\"elementor-post__thumbnail__link\" href=\"https:\/\/chaufbois.eu\/index.php\/poele-plat-ricanto-10-kw\/\" tabindex=\"-1\" >\n\t\t\t<div class=\"elementor-post__thumbnail\"><img loading=\"lazy\" decoding=\"async\" width=\"650\" height=\"650\" src=\"https:\/\/chaufbois.eu\/wp-content\/uploads\/2025\/12\/poele-a-granules-canalisable-ricanto-noir-etna.png\" class=\"attachment-full size-full wp-image-260\" alt=\"\" srcset=\"https:\/\/chaufbois.eu\/wp-content\/uploads\/2025\/12\/poele-a-granules-canalisable-ricanto-noir-etna.png 650w, https:\/\/chaufbois.eu\/wp-content\/uploads\/2025\/12\/poele-a-granules-canalisable-ricanto-noir-etna-300x300.png 300w, https:\/\/chaufbois.eu\/wp-content\/uploads\/2025\/12\/poele-a-granules-canalisable-ricanto-noir-etna-150x150.png 150w, https:\/\/chaufbois.eu\/wp-content\/uploads\/2025\/12\/poele-a-granules-canalisable-ricanto-noir-etna-600x600.png 600w, https:\/\/chaufbois.eu\/wp-content\/uploads\/2025\/12\/poele-a-granules-canalisable-ricanto-noir-etna-100x100.png 100w\" sizes=\"(max-width: 650px) 100vw, 650px\" \/><\/div>\n\t\t<\/a>\n\t\t\t\t<div class=\"elementor-post__text\">\n\t\t\t\t<h3 class=\"elementor-post__title\">\n\t\t\t<a href=\"https:\/\/chaufbois.eu\/index.php\/poele-plat-ricanto-10-kw\/\" >\n\t\t\t\tPo\u00eale PLAT RICANTO 10\u00a0kw\t\t\t<\/a>\n\t\t<\/h3>\n\t\t\n\t\t<a class=\"elementor-post__read-more\" href=\"https:\/\/chaufbois.eu\/index.php\/poele-plat-ricanto-10-kw\/\" aria-label=\"En savoir plus sur Po\u00eale PLAT RICANTO 10\u00a0kw\" tabindex=\"-1\" >\n\t\t\tEn savoir plus sur ce po\u00eale\t\t<\/a>\n\n\t\t\t\t<\/div>\n\t\t\t\t<\/article>\n\t\t\t\t<\/div>\n\t\t\n\t\t\t\t\t\t<\/div>\n\t\t\t\t<\/div>\n\t\t\t\t\t<\/div>\n\t\t\t\t<\/div>\n\t\t<div class=\"elementor-element elementor-element-f70721e e-flex e-con-boxed e-con e-parent\" data-id=\"f70721e\" data-element_type=\"container\">\n\t\t\t\t\t<div class=\"e-con-inner\">\n\t\t\t\t<div class=\"elementor-element elementor-element-6a457bc elementor-widget elementor-widget-heading\" data-id=\"6a457bc\" data-element_type=\"widget\" data-widget_type=\"heading.default\">\n\t\t\t\t<div class=\"elementor-widget-container\">\n\t\t\t\t\t<h2 class=\"elementor-heading-title elementor-size-default\">Chaudi\u00e8re<\/h2>\t\t\t\t<\/div>\n\t\t\t\t<\/div>\n\t\t\t\t<div class=\"elementor-element elementor-element-2adbfd6 elementor-grid-2 elementor-grid-tablet-2 elementor-grid-mobile-1 elementor-posts--thumbnail-top elementor-widget elementor-widget-posts\" data-id=\"2adbfd6\" data-element_type=\"widget\" data-settings=\"{&quot;classic_columns&quot;:&quot;2&quot;,&quot;classic_columns_tablet&quot;:&quot;2&quot;,&quot;classic_columns_mobile&quot;:&quot;1&quot;,&quot;classic_row_gap&quot;:{&quot;unit&quot;:&quot;px&quot;,&quot;size&quot;:35,&quot;sizes&quot;:[]},&quot;classic_row_gap_tablet&quot;:{&quot;unit&quot;:&quot;px&quot;,&quot;size&quot;:&quot;&quot;,&quot;sizes&quot;:[]},&quot;classic_row_gap_mobile&quot;:{&quot;unit&quot;:&quot;px&quot;,&quot;size&quot;:&quot;&quot;,&quot;sizes&quot;:[]}}\" data-widget_type=\"posts.classic\">\n\t\t\t\t<div class=\"elementor-widget-container\">\n\t\t\t\t\t\t\t<div class=\"elementor-posts-container elementor-posts elementor-posts--skin-classic elementor-grid\" role=\"list\">\n\t\t\t\t<article class=\"elementor-post elementor-grid-item post-319 page type-page status-publish has-post-thumbnail hentry\" role=\"listitem\">\n\t\t\t\t<a class=\"elementor-post__thumbnail__link\" href=\"https:\/\/chaufbois.eu\/index.php\/chaudiere-a-granules-etna-avec-creuset-autonettoyant-et-compacteur-de-cendres\/\" tabindex=\"-1\" >\n\t\t\t<div class=\"elementor-post__thumbnail\"><img loading=\"lazy\" decoding=\"async\" width=\"550\" height=\"550\" src=\"https:\/\/chaufbois.eu\/wp-content\/uploads\/2025\/12\/chaudiere-a-granules-fantea-avec-creuset-autonettoyant-et-compacteur-de-cendres-2-e1767021586530.webp\" class=\"attachment-full size-full wp-image-235\" alt=\"\" srcset=\"https:\/\/chaufbois.eu\/wp-content\/uploads\/2025\/12\/chaudiere-a-granules-fantea-avec-creuset-autonettoyant-et-compacteur-de-cendres-2-e1767021586530.webp 550w, https:\/\/chaufbois.eu\/wp-content\/uploads\/2025\/12\/chaudiere-a-granules-fantea-avec-creuset-autonettoyant-et-compacteur-de-cendres-2-e1767021586530-300x300.webp 300w, https:\/\/chaufbois.eu\/wp-content\/uploads\/2025\/12\/chaudiere-a-granules-fantea-avec-creuset-autonettoyant-et-compacteur-de-cendres-2-e1767021586530-150x150.webp 150w, https:\/\/chaufbois.eu\/wp-content\/uploads\/2025\/12\/chaudiere-a-granules-fantea-avec-creuset-autonettoyant-et-compacteur-de-cendres-2-e1767021586530-100x100.webp 100w\" sizes=\"(max-width: 550px) 100vw, 550px\" \/><\/div>\n\t\t<\/a>\n\t\t\t\t<div class=\"elementor-post__text\">\n\t\t\t\t<h3 class=\"elementor-post__title\">\n\t\t\t<a href=\"https:\/\/chaufbois.eu\/index.php\/chaudiere-a-granules-etna-avec-creuset-autonettoyant-et-compacteur-de-cendres\/\" >\n\t\t\t\tChaudi\u00e8re \u00e0 Granul\u00e9s ETNA avec creuset autonettoyant et compacteur de cendres\t\t\t<\/a>\n\t\t<\/h3>\n\t\t\n\t\t<a class=\"elementor-post__read-more\" href=\"https:\/\/chaufbois.eu\/index.php\/chaudiere-a-granules-etna-avec-creuset-autonettoyant-et-compacteur-de-cendres\/\" aria-label=\"En savoir plus sur Chaudi\u00e8re \u00e0 Granul\u00e9s ETNA avec creuset autonettoyant et compacteur de cendres\" tabindex=\"-1\" >\n\t\t\tEn savoir plus sur cette chaudi\u00e8re aux pellets\t\t<\/a>\n\n\t\t\t\t<\/div>\n\t\t\t\t<\/article>\n\t\t\t\t<\/div>\n\t\t\n\t\t\t\t\t\t<\/div>\n\t\t\t\t<\/div>\n\t\t\t\t\t<\/div>\n\t\t\t\t<\/div>\n\t\t\t\t<\/div>\n\t\t","protected":false},"excerpt":{"rendered":"<p>Po\u00eales \u00e0 pellets Chaudi\u00e8re<\/p>\n","protected":false},"author":1,"featured_media":0,"parent":0,"menu_order":0,"comment_status":"closed","ping_status":"closed","template":"","meta":{"footnotes":""},"class_list":["post-147","page","type-page","status-publish","hentry"],"_links":{"self":[{"href":"https:\/\/chaufbois.eu\/index.php\/wp-json\/wp\/v2\/pages\/147","targetHints":{"allow":["GET"]}}],"collection":[{"href":"https:\/\/chaufbois.eu\/index.php\/wp-json\/wp\/v2\/pages"}],"about":[{"href":"https:\/\/chaufbois.eu\/index.php\/wp-json\/wp\/v2\/types\/page"}],"author":[{"embeddable":true,"href":"https:\/\/chaufbois.eu\/index.php\/wp-json\/wp\/v2\/users\/1"}],"replies":[{"embeddable":true,"href":"https:\/\/chaufbois.eu\/index.php\/wp-json\/wp\/v2\/comments?post=147"}],"version-history":[{"count":31,"href":"https:\/\/chaufbois.eu\/index.php\/wp-json\/wp\/v2\/pages\/147\/revisions"}],"predecessor-version":[{"id":366,"href":"https:\/\/chaufbois.eu\/index.php\/wp-json\/wp\/v2\/pages\/147\/revisions\/366"}],"wp:attachment":[{"href":"https:\/\/chaufbois.eu\/index.php\/wp-json\/wp\/v2\/media?parent=147"}],"curies":[{"name":"wp","href":"https:\/\/api.w.org\/{rel}","templated":true}]}}