{"id":107,"date":"2025-02-03T16:02:31","date_gmt":"2025-02-03T15:02:31","guid":{"rendered":"https:\/\/chaufbois.eu\/?page_id=107"},"modified":"2025-02-03T16:15:07","modified_gmt":"2025-02-03T15:15:07","slug":"produits-mareli","status":"publish","type":"page","link":"https:\/\/chaufbois.eu\/index.php\/produits-mareli\/","title":{"rendered":"Produits Mareli"},"content":{"rendered":"\t\t<div data-elementor-type=\"wp-page\" data-elementor-id=\"107\" class=\"elementor elementor-107\" data-elementor-post-type=\"page\">\n\t\t\t\t<div class=\"elementor-element elementor-element-ee6f1e6 e-flex e-con-boxed e-con e-parent\" data-id=\"ee6f1e6\" data-element_type=\"container\">\n\t\t\t\t\t<div class=\"e-con-inner\">\n\t\t<div class=\"elementor-element elementor-element-c15bc9b e-con-full e-flex e-con e-child\" data-id=\"c15bc9b\" data-element_type=\"container\">\n\t\t\t\t<div class=\"elementor-element elementor-element-909b928 elementor-widget elementor-widget-image\" data-id=\"909b928\" data-element_type=\"widget\" data-widget_type=\"image.default\">\n\t\t\t\t<div class=\"elementor-widget-container\">\n\t\t\t\t\t\t\t\t\t\t\t\t\t\t\t<img decoding=\"async\" src=\"https:\/\/chaufbois.eu\/wp-content\/uploads\/2025\/02\/ECOSTAR-Auto-Boiler-1.png\" title=\"ECOSTAR Auto Boiler (1)\" alt=\"ECOSTAR Auto Boiler (1)\" loading=\"lazy\" \/>\t\t\t\t\t\t\t\t\t\t\t\t\t\t\t<\/div>\n\t\t\t\t<\/div>\n\t\t\t\t<\/div>\n\t\t<div class=\"elementor-element elementor-element-c626366 e-con-full e-flex e-con e-child\" data-id=\"c626366\" data-element_type=\"container\">\n\t\t\t\t<div class=\"elementor-element elementor-element-4d6d5a8 elementor-widget elementor-widget-heading\" data-id=\"4d6d5a8\" data-element_type=\"widget\" data-widget_type=\"heading.default\">\n\t\t\t\t<div class=\"elementor-widget-container\">\n\t\t\t\t\t<h2 class=\"elementor-heading-title elementor-size-default\">ECOSTAR AUTO Chaudi\u00e8re \u00e0 granul\u00e9s<\/h2>\t\t\t\t<\/div>\n\t\t\t\t<\/div>\n\t\t\t\t<div class=\"elementor-element elementor-element-f79e922 elementor-widget elementor-widget-heading\" data-id=\"f79e922\" data-element_type=\"widget\" data-widget_type=\"heading.default\">\n\t\t\t\t<div class=\"elementor-widget-container\">\n\t\t\t\t\t<span class=\"elementor-heading-title elementor-size-default\">12 - 18 - 24 - 30 - 35 KW<\/span>\t\t\t\t<\/div>\n\t\t\t\t<\/div>\n\t\t\t\t<div class=\"elementor-element elementor-element-652d36d elementor-widget elementor-widget-text-editor\" data-id=\"652d36d\" data-element_type=\"widget\" data-widget_type=\"text-editor.default\">\n\t\t\t\t<div class=\"elementor-widget-container\">\n\t\t\t\t\t\t\t\t\t<ul><li>Programmation du temps de travail, chrono hebdomadaire<\/li><li>Entretien p\u00e9riodique simple<\/li><li>Pressostat de s\u00e9curit\u00e9 (en option)<\/li><li>Contr\u00f4le de la temp\u00e9rature ambiante<\/li><li>Chaque produit est test\u00e9 en usine<\/li><li>Gestion automatique de la combustion<\/li><li>Pr\u00e9sence de s\u00e9curit\u00e9s pour les composants cl\u00e9s<\/li><li>Option de r\u00e9initialisation du produit en usine<\/li><li>Affichage LED facile \u00e0 utiliser<\/li><li>Compartiment cendrier spacieux<\/li><li>Pr\u00e9sence d&rsquo;un module de thermostat d&rsquo;ambiance s\u00e9par\u00e9 (en option)<\/li><li>Sortie de raccordement \u00e0 la chemin\u00e9e 80 &#8211; 100 mm<\/li><li>Peinture r\u00e9sistante \u00e0 la temp\u00e9rature<\/li><li>S\u00e9curit\u00e9 contre la surchauffe<\/li><\/ul>\t\t\t\t\t\t\t\t<\/div>\n\t\t\t\t<\/div>\n\t\t\t\t<\/div>\n\t\t\t\t\t<\/div>\n\t\t\t\t<\/div>\n\t\t<div class=\"elementor-element elementor-element-631803e e-flex e-con-boxed e-con e-parent\" data-id=\"631803e\" data-element_type=\"container\">\n\t\t\t\t\t<div class=\"e-con-inner\">\n\t\t<div class=\"elementor-element elementor-element-c8107ca e-con-full e-flex e-con e-child\" data-id=\"c8107ca\" data-element_type=\"container\">\n\t\t\t\t<div class=\"elementor-element elementor-element-e4a2149 elementor-widget elementor-widget-image\" data-id=\"e4a2149\" data-element_type=\"widget\" data-widget_type=\"image.default\">\n\t\t\t\t<div class=\"elementor-widget-container\">\n\t\t\t\t\t\t\t\t\t\t\t\t\t\t\t<img decoding=\"async\" src=\"https:\/\/chaufbois.eu\/wp-content\/uploads\/2025\/02\/PS-Air-Stove-1.png\" title=\"PS Air Stove (1)\" alt=\"PS Air Stove (1)\" loading=\"lazy\" \/>\t\t\t\t\t\t\t\t\t\t\t\t\t\t\t<\/div>\n\t\t\t\t<\/div>\n\t\t\t\t<\/div>\n\t\t<div class=\"elementor-element elementor-element-0495865 e-con-full e-flex e-con e-child\" data-id=\"0495865\" data-element_type=\"container\">\n\t\t\t\t<div class=\"elementor-element elementor-element-62bf210 elementor-widget elementor-widget-heading\" data-id=\"62bf210\" data-element_type=\"widget\" data-widget_type=\"heading.default\">\n\t\t\t\t<div class=\"elementor-widget-container\">\n\t\t\t\t\t<h2 class=\"elementor-heading-title elementor-size-default\">PS Air Po\u00eale \u00e0 granul\u00e9s<\/h2>\t\t\t\t<\/div>\n\t\t\t\t<\/div>\n\t\t\t\t<div class=\"elementor-element elementor-element-a7879d8 elementor-widget elementor-widget-heading\" data-id=\"a7879d8\" data-element_type=\"widget\" data-widget_type=\"heading.default\">\n\t\t\t\t<div class=\"elementor-widget-container\">\n\t\t\t\t\t<span class=\"elementor-heading-title elementor-size-default\">8 - 10 - 12 KW<\/span>\t\t\t\t<\/div>\n\t\t\t\t<\/div>\n\t\t\t\t<div class=\"elementor-element elementor-element-79dd6b7 elementor-widget elementor-widget-text-editor\" data-id=\"79dd6b7\" data-element_type=\"widget\" data-widget_type=\"text-editor.default\">\n\t\t\t\t<div class=\"elementor-widget-container\">\n\t\t\t\t\t\t\t\t\t<ul><li>Programmation du temps de travail, chrono hebdomadaire<\/li><li>Entretien p\u00e9riodique simple<\/li><li>Pressostat de s\u00e9curit\u00e9 (en option)<\/li><li>Contr\u00f4le de la temp\u00e9rature ambiante<\/li><li>Chaque produit est test\u00e9 en usine<\/li><li>Gestion automatique de la combustion<\/li><li>Pr\u00e9sence de s\u00e9curit\u00e9s pour les composants cl\u00e9s<\/li><li>Option de r\u00e9initialisation du produit en usine<\/li><li>Affichage LED facile \u00e0 utiliser<\/li><li>Compartiment cendrier spacieux<\/li><li>Pr\u00e9sence d&rsquo;un module de thermostat d&rsquo;ambiance s\u00e9par\u00e9 (en option)<\/li><li>Sortie de raccordement \u00e0 la chemin\u00e9e 80 mm<\/li><li>Peinture r\u00e9sistante \u00e0 la temp\u00e9rature<\/li><li>S\u00e9curit\u00e9 contre la surchauffe<\/li><\/ul>\t\t\t\t\t\t\t\t<\/div>\n\t\t\t\t<\/div>\n\t\t\t\t<\/div>\n\t\t\t\t\t<\/div>\n\t\t\t\t<\/div>\n\t\t<div class=\"elementor-element elementor-element-b970df4 e-flex e-con-boxed e-con e-parent\" data-id=\"b970df4\" data-element_type=\"container\">\n\t\t\t\t\t<div class=\"e-con-inner\">\n\t\t<div class=\"elementor-element elementor-element-95780b9 e-con-full e-flex e-con e-child\" data-id=\"95780b9\" data-element_type=\"container\">\n\t\t\t\t<div class=\"elementor-element elementor-element-799188a elementor-widget elementor-widget-image\" data-id=\"799188a\" data-element_type=\"widget\" data-widget_type=\"image.default\">\n\t\t\t\t<div class=\"elementor-widget-container\">\n\t\t\t\t\t\t\t\t\t\t\t\t\t\t\t<img decoding=\"async\" src=\"https:\/\/chaufbois.eu\/wp-content\/uploads\/2025\/02\/LCG-Boiler-Image.png\" title=\"LCG Boiler Image\" alt=\"LCG Boiler Image\" loading=\"lazy\" \/>\t\t\t\t\t\t\t\t\t\t\t\t\t\t\t<\/div>\n\t\t\t\t<\/div>\n\t\t\t\t<\/div>\n\t\t<div class=\"elementor-element elementor-element-06cfe7d e-con-full e-flex e-con e-child\" data-id=\"06cfe7d\" data-element_type=\"container\">\n\t\t\t\t<div class=\"elementor-element elementor-element-3e34408 elementor-widget elementor-widget-heading\" data-id=\"3e34408\" data-element_type=\"widget\" data-widget_type=\"heading.default\">\n\t\t\t\t<div class=\"elementor-widget-container\">\n\t\t\t\t\t<h2 class=\"elementor-heading-title elementor-size-default\">LCG Chaudi\u00e8re \u00e0 gaz\u00e9ification de bois<\/h2>\t\t\t\t<\/div>\n\t\t\t\t<\/div>\n\t\t\t\t<div class=\"elementor-element elementor-element-5604f8d elementor-widget elementor-widget-heading\" data-id=\"5604f8d\" data-element_type=\"widget\" data-widget_type=\"heading.default\">\n\t\t\t\t<div class=\"elementor-widget-container\">\n\t\t\t\t\t<span class=\"elementor-heading-title elementor-size-default\">22 - 32 - 40 - 50 KW<\/span>\t\t\t\t<\/div>\n\t\t\t\t<\/div>\n\t\t\t\t<div class=\"elementor-element elementor-element-442c145 elementor-widget elementor-widget-text-editor\" data-id=\"442c145\" data-element_type=\"widget\" data-widget_type=\"text-editor.default\">\n\t\t\t\t<div class=\"elementor-widget-container\">\n\t\t\t\t\t\t\t\t\t<ul><li>Conception compacte<br \/>Convient aussi bien aux entreprises qu&rsquo;aux particuliers.<\/li><li>Chaque produit est test\u00e9 en usine<\/li><li>Gestion automatique de la combustion<\/li><li>Option de r\u00e9initialisation du produit en usine<\/li><li>Affichage LED facile \u00e0 utiliser<\/li><li>Peinture r\u00e9sistante \u00e0 la temp\u00e9rature<\/li><li>Une solution flexible visant \u00e0 offrir le meilleur rapport prix\/performance du march\u00e9.<\/li><\/ul>\t\t\t\t\t\t\t\t<\/div>\n\t\t\t\t<\/div>\n\t\t\t\t<\/div>\n\t\t\t\t\t<\/div>\n\t\t\t\t<\/div>\n\t\t\t\t<\/div>\n\t\t","protected":false},"excerpt":{"rendered":"<p>ECOSTAR AUTO Chaudi\u00e8re \u00e0 granul\u00e9s 12 &#8211; 18 &#8211; 24 &#8211; 30 &#8211; 35 KW Programmation du temps de travail, chrono hebdomadaire Entretien p\u00e9riodique simple Pressostat de s\u00e9curit\u00e9 (en option) Contr\u00f4le de la temp\u00e9rature ambiante Chaque produit est test\u00e9 en usine Gestion automatique de la combustion Pr\u00e9sence de s\u00e9curit\u00e9s pour les composants cl\u00e9s Option de [&hellip;]<\/p>\n","protected":false},"author":1,"featured_media":0,"parent":0,"menu_order":0,"comment_status":"closed","ping_status":"closed","template":"","meta":{"footnotes":""},"class_list":["post-107","page","type-page","status-publish","hentry"],"_links":{"self":[{"href":"https:\/\/chaufbois.eu\/index.php\/wp-json\/wp\/v2\/pages\/107","targetHints":{"allow":["GET"]}}],"collection":[{"href":"https:\/\/chaufbois.eu\/index.php\/wp-json\/wp\/v2\/pages"}],"about":[{"href":"https:\/\/chaufbois.eu\/index.php\/wp-json\/wp\/v2\/types\/page"}],"author":[{"embeddable":true,"href":"https:\/\/chaufbois.eu\/index.php\/wp-json\/wp\/v2\/users\/1"}],"replies":[{"embeddable":true,"href":"https:\/\/chaufbois.eu\/index.php\/wp-json\/wp\/v2\/comments?post=107"}],"version-history":[{"count":7,"href":"https:\/\/chaufbois.eu\/index.php\/wp-json\/wp\/v2\/pages\/107\/revisions"}],"predecessor-version":[{"id":118,"href":"https:\/\/chaufbois.eu\/index.php\/wp-json\/wp\/v2\/pages\/107\/revisions\/118"}],"wp:attachment":[{"href":"https:\/\/chaufbois.eu\/index.php\/wp-json\/wp\/v2\/media?parent=107"}],"curies":[{"name":"wp","href":"https:\/\/api.w.org\/{rel}","templated":true}]}}